{"id":16,"date":"2025-07-23T13:48:16","date_gmt":"2025-07-23T13:48:16","guid":{"rendered":"http:\/\/sabatka.net\/?page_id=16"},"modified":"2026-02-17T23:18:14","modified_gmt":"2026-02-17T21:18:14","slug":"kontakt","status":"publish","type":"page","link":"https:\/\/www.sabatka.net\/cs\/kontakt\/","title":{"rendered":"Kontakt"},"content":{"rendered":"\n<div class=\"wp-block-media-text is-stacked-on-mobile is-vertically-aligned-top\"><figure class=\"wp-block-media-text__media\"><img decoding=\"async\" width=\"400\" height=\"533\" data-src=\"http:\/\/sabatka.net\/wp-content\/uploads\/2025\/07\/Pavel-sabatka-smaller.jpg\" alt=\"\" class=\"wp-image-20 size-full lazyload\" data-srcset=\"https:\/\/www.sabatka.net\/wp-content\/uploads\/2025\/07\/Pavel-sabatka-smaller.jpg 400w, https:\/\/www.sabatka.net\/wp-content\/uploads\/2025\/07\/Pavel-sabatka-smaller-225x300.jpg 225w\" data-sizes=\"(max-width: 400px) 100vw, 400px\" src=\"data:image\/svg+xml;base64,PHN2ZyB3aWR0aD0iMSIgaGVpZ2h0PSIxIiB4bWxucz0iaHR0cDovL3d3dy53My5vcmcvMjAwMC9zdmciPjwvc3ZnPg==\" style=\"--smush-placeholder-width: 400px; --smush-placeholder-aspect-ratio: 400\/533;\" \/><\/figure><div class=\"wp-block-media-text__content\">\n<div class=\"wp-block-group has-global-padding is-content-justification-left is-layout-constrained wp-container-core-group-is-layout-12dd3699 wp-block-group-is-layout-constrained\">\n<h2 class=\"wp-block-heading\">Pavel \u0160abatka<\/h2>\n\n\n\n<p><strong>Mobil  <\/strong><a href=\"tel:+420776236855\">+420 776 236 855<\/a><br><strong>Email  <\/strong><a href=\"mailto:pavel@sabatka.net\" target=\"_blank\" rel=\"noreferrer noopener\">pavel@sabatka.net<strong><br><\/strong><\/a><strong>Datov\u00e1 schr\u00e1nka<\/strong> m7y32bz<\/p>\n<\/div>\n<\/div><\/div>\n\n\n\n<div style=\"height:100px\" aria-hidden=\"true\" class=\"wp-block-spacer\"><\/div>\n\n\n\n<h2 class=\"wp-block-heading\">Chcete si zavolat?<\/h2>\n\n\n\n<p>Vyberte term\u00edn, kter\u00fd vyhovuje V\u00e1m i m\u011b, a po\u0161lete mi pozv\u00e1nku na <a href=\"mailto:pavel@sabatka.net\">pavel@sabatka.net<\/a>.<br>Pros\u00edm zvolte \u010das mezi 8 a 16 hodinou.<\/p>\n\n\n\n<p>\n<iframe data-src=\"https:\/\/calendar.google.com\/calendar\/embed?height=600&#038;wkst=2&#038;ctz=Europe%2FPrague&#038;mode=WEEK&#038;showTitle=0&#038;showPrint=0&#038;src=cGF2ZWxAc2FiYXRrYS5uZXQ&#038;src=cGF2ZWwuc2FiYXRrYUBnbWFpbC5jb20&#038;color=%23039be5&#038;color=%23ef6c00\" style=\"border:solid 1px #777\" width=\"800\" height=\"600\" frameborder=\"0\" scrolling=\"no\" src=\"data:image\/svg+xml;base64,PHN2ZyB3aWR0aD0iMSIgaGVpZ2h0PSIxIiB4bWxucz0iaHR0cDovL3d3dy53My5vcmcvMjAwMC9zdmciPjwvc3ZnPg==\" class=\"lazyload\" data-load-mode=\"1\"><\/iframe>\n<\/p>\n\n\n\n<div style=\"height:100px\" aria-hidden=\"true\" class=\"wp-block-spacer\"><\/div>\n\n\n\n<h2 class=\"wp-block-heading\" id=\"h.p_x26D9sADg06F_l\">Faktura\u010dn\u00ed \u00fadaje<\/h2>\n\n\n\n<p>Ing. Pavel \u0160abatka<\/p>\n\n\n\n<p>Hor\u00e1kov 41<br>Mokr\u00e1 &#8211;&nbsp; Hor\u00e1kov<br>664 04<br>\u010cesk\u00e1 republika<\/p>\n\n\n\n<p>I\u010c 76434125<\/p>\n\n\n\n<p>Jsem pl\u00e1tcem DPH<\/p>\n\n\n\n<p>Bankovn\u00ed spojen\u00ed: 670100-2207064350\/6210 (BRE Bank S.A.)<br>Zaps\u00e1n u \u017divnostensk\u00e9ho \u00fa\u0159adu m\u011bsta Brna \u010d.j.: ZUMB\/30588\/2009\/Kuc\/5<\/p>\n\n\n\n<p><\/p>\n\n\n\n<script>\nwindow.dataLayer = window.dataLayer || [];\nwindow.dataLayer.push({\n  'page': {\n    '_class': 'contact'\n  }\n});\n<\/script>\n","protected":false},"excerpt":{"rendered":"<p>Chcete si zavolat? Vyberte term\u00edn, kter\u00fd vyhovuje V\u00e1m i m\u011b, a po\u0161lete mi pozv\u00e1nku na pavel@sabatka.net.Pros\u00edm zvolte \u010das mezi 8 a 16 hodinou. Faktura\u010dn\u00ed \u00fadaje Ing. Pavel \u0160abatka Hor\u00e1kov 41Mokr\u00e1 &#8211;&nbsp; Hor\u00e1kov664 04\u010cesk\u00e1 republika I\u010c 76434125 Jsem pl\u00e1tcem DPH Bankovn\u00ed spojen\u00ed: 670100-2207064350\/6210 (BRE Bank S.A.)Zaps\u00e1n u \u017divnostensk\u00e9ho \u00fa\u0159adu m\u011bsta Brna \u010d.j.: ZUMB\/30588\/2009\/Kuc\/5<\/p>\n","protected":false},"author":1,"featured_media":0,"parent":0,"menu_order":0,"comment_status":"closed","ping_status":"closed","template":"","meta":{"footnotes":""},"class_list":["post-16","page","type-page","status-publish","hentry"],"_links":{"self":[{"href":"https:\/\/www.sabatka.net\/cs\/wp-json\/wp\/v2\/pages\/16","targetHints":{"allow":["GET"]}}],"collection":[{"href":"https:\/\/www.sabatka.net\/cs\/wp-json\/wp\/v2\/pages"}],"about":[{"href":"https:\/\/www.sabatka.net\/cs\/wp-json\/wp\/v2\/types\/page"}],"author":[{"embeddable":true,"href":"https:\/\/www.sabatka.net\/cs\/wp-json\/wp\/v2\/users\/1"}],"replies":[{"embeddable":true,"href":"https:\/\/www.sabatka.net\/cs\/wp-json\/wp\/v2\/comments?post=16"}],"version-history":[{"count":17,"href":"https:\/\/www.sabatka.net\/cs\/wp-json\/wp\/v2\/pages\/16\/revisions"}],"predecessor-version":[{"id":855,"href":"https:\/\/www.sabatka.net\/cs\/wp-json\/wp\/v2\/pages\/16\/revisions\/855"}],"wp:attachment":[{"href":"https:\/\/www.sabatka.net\/cs\/wp-json\/wp\/v2\/media?parent=16"}],"curies":[{"name":"wp","href":"https:\/\/api.w.org\/{rel}","templated":true}]}}