{"id":595,"date":"2025-12-03T10:02:41","date_gmt":"2025-12-03T08:02:41","guid":{"rendered":"https:\/\/www.sabatka.net\/cs\/?page_id=595"},"modified":"2026-04-23T11:07:11","modified_gmt":"2026-04-23T09:07:11","slug":"seznam-sem-gtm-template","status":"publish","type":"page","link":"https:\/\/www.sabatka.net\/cs\/seznam-sem-gtm-template\/","title":{"rendered":"GTM \u0161ablona pro Seznam Event Measurement (SEM)"},"content":{"rendered":"\n<h2 class=\"wp-block-heading\">O \u0161ablon\u011b<\/h2>\n\n\n\n<p>\u0160ablona \u0159e\u0161\u00ed m\u011b\u0159en\u00ed Seznam SEM.<\/p>\n\n\n\n<p>Seznam SEM nen\u00ed kompatibiln\u00ed s m\u011b\u0159en\u00edm Sklik p\u0159ed rokem 2026. Abyste mohli SEM vyu\u017e\u00edvat, mus\u00edte nejprve v\u00e1\u0161 \u00fa\u010det Sklik migrovat na SEM. Teprve pot\u00e9 v administraci m\u016f\u017eete vygenerovat SEM ID.<\/p>\n\n\n\n<div style=\"height:20px\" aria-hidden=\"true\" class=\"wp-block-spacer\"><\/div>\n\n\n\n<h3 class=\"wp-block-heading\">Ofici\u00e1ln\u00ed dokumentace SEM<\/h3>\n\n\n\n<ul class=\"wp-block-list\">\n<li>O <a href=\"https:\/\/napoveda.sklik.cz\/merici-skripty\/seznam-event-measurement\/\" data-type=\"link\" data-id=\"https:\/\/napoveda.sklik.cz\/merici-skripty\/seznam-event-measurement\/\" target=\"_blank\" rel=\"noopener\">Seznam SEM<\/a><\/li>\n\n\n\n<li><a href=\"https:\/\/napoveda.sklik.cz\/merici-skripty\/seznam-event-measurement\/reference-udalosti\/\" data-type=\"link\" data-id=\"https:\/\/napoveda.sklik.cz\/merici-skripty\/seznam-event-measurement\/reference-udalosti\/\" target=\"_blank\" rel=\"noopener\">Reference<\/a><\/li>\n<\/ul>\n\n\n\n<div style=\"height:50px\" aria-hidden=\"true\" class=\"wp-block-spacer\"><\/div>\n\n\n\n<h2 class=\"wp-block-heading\">Nastaven\u00ed<\/h2>\n\n\n\n<figure class=\"wp-block-image size-large\"><img decoding=\"async\" width=\"1024\" height=\"746\" data-src=\"https:\/\/www.sabatka.net\/wp-content\/uploads\/2025\/12\/seznam-sem-1024x746.png\" alt=\"\" class=\"wp-image-701 lazyload\" data-srcset=\"https:\/\/www.sabatka.net\/wp-content\/uploads\/2025\/12\/seznam-sem-1024x746.png 1024w, https:\/\/www.sabatka.net\/wp-content\/uploads\/2025\/12\/seznam-sem-300x219.png 300w, https:\/\/www.sabatka.net\/wp-content\/uploads\/2025\/12\/seznam-sem-768x560.png 768w, https:\/\/www.sabatka.net\/wp-content\/uploads\/2025\/12\/seznam-sem.png 1372w\" data-sizes=\"(max-width: 1024px) 100vw, 1024px\" src=\"data:image\/svg+xml;base64,PHN2ZyB3aWR0aD0iMSIgaGVpZ2h0PSIxIiB4bWxucz0iaHR0cDovL3d3dy53My5vcmcvMjAwMC9zdmciPjwvc3ZnPg==\" style=\"--smush-placeholder-width: 1024px; --smush-placeholder-aspect-ratio: 1024\/746;\" \/><\/figure>\n\n\n\n<div style=\"height:30px\" aria-hidden=\"true\" class=\"wp-block-spacer\"><\/div>\n\n\n\n<h3 class=\"wp-block-heading\">Povinn\u00e1 data<\/h3>\n\n\n\n<ul class=\"wp-block-list\">\n<li><strong>Seznam ID<\/strong> &#8211; m\u011b\u0159ic\u00ed ID, kter\u00e9 si m\u016f\u017eete vygenerovat v administraci Sklik.<br>Pokud nem\u00e1te Sklik \u00fa\u010det migrovan\u00fd na SEM, pak tuto hodnotu nem\u016f\u017eete vygenerovat.<\/li>\n\n\n\n<li><strong>Event Name<\/strong> &#8211; typ ud\u00e1losti, nap\u0159. PageView apod.<br>V z\u00e1vislosti na typu ud\u00e1losti mohou b\u00fdt vy\u017eadov\u00e1na r\u016fzn\u00e1 data.<br>SEM zat\u00edm neumo\u017e\u0148uje odes\u00edlat vlastn\u00ed ud\u00e1losti, to bude mo\u017en\u00e9 pravd\u011bpodobn\u011b v roce 2027.<\/li>\n<\/ul>\n\n\n\n<h4 class=\"wp-block-heading is-style-text-subtitle is-style-text-subtitle--1\" id=\"kde-vzit-sem-id\">Kde vz\u00edt Seznam ID<\/h4>\n\n\n\n<p>V administraci <a href=\"https:\/\/www.sklik.cz\/settings\" data-type=\"link\" data-id=\"https:\/\/www.sklik.cz\/settings\" target=\"_blank\" rel=\"noopener\">Sklik p\u0159ejd\u011bte do nastaven\u00ed<\/a>.<\/p>\n\n\n\n<figure class=\"wp-block-image size-large\"><img decoding=\"async\" width=\"1024\" height=\"497\" data-src=\"https:\/\/www.sabatka.net\/wp-content\/uploads\/2026\/02\/sem-id-1-1024x497.png\" alt=\"\" class=\"wp-image-811 lazyload\" data-srcset=\"https:\/\/www.sabatka.net\/wp-content\/uploads\/2026\/02\/sem-id-1-1024x497.png 1024w, https:\/\/www.sabatka.net\/wp-content\/uploads\/2026\/02\/sem-id-1-300x146.png 300w, https:\/\/www.sabatka.net\/wp-content\/uploads\/2026\/02\/sem-id-1-768x373.png 768w, https:\/\/www.sabatka.net\/wp-content\/uploads\/2026\/02\/sem-id-1-1536x746.png 1536w, https:\/\/www.sabatka.net\/wp-content\/uploads\/2026\/02\/sem-id-1.png 1879w\" data-sizes=\"(max-width: 1024px) 100vw, 1024px\" src=\"data:image\/svg+xml;base64,PHN2ZyB3aWR0aD0iMSIgaGVpZ2h0PSIxIiB4bWxucz0iaHR0cDovL3d3dy53My5vcmcvMjAwMC9zdmciPjwvc3ZnPg==\" style=\"--smush-placeholder-width: 1024px; --smush-placeholder-aspect-ratio: 1024\/497;\" \/><\/figure>\n\n\n\n<p>V odstavci &#8222;Spr\u00e1va m\u011b\u0159en\u00ed&#8220; najdete SEM ID, kter\u00e9 m\u016f\u017eete zkop\u00edrovat do schr\u00e1nky a pou\u017e\u00edt.<\/p>\n\n\n\n<figure class=\"wp-block-image size-large\"><img decoding=\"async\" width=\"1024\" height=\"220\" data-src=\"https:\/\/www.sabatka.net\/wp-content\/uploads\/2026\/02\/sem-id-2-1-1024x220.png\" alt=\"\" class=\"wp-image-813 lazyload\" data-srcset=\"https:\/\/www.sabatka.net\/wp-content\/uploads\/2026\/02\/sem-id-2-1-1024x220.png 1024w, https:\/\/www.sabatka.net\/wp-content\/uploads\/2026\/02\/sem-id-2-1-300x64.png 300w, https:\/\/www.sabatka.net\/wp-content\/uploads\/2026\/02\/sem-id-2-1-768x165.png 768w, https:\/\/www.sabatka.net\/wp-content\/uploads\/2026\/02\/sem-id-2-1-1536x330.png 1536w, https:\/\/www.sabatka.net\/wp-content\/uploads\/2026\/02\/sem-id-2-1.png 1774w\" data-sizes=\"(max-width: 1024px) 100vw, 1024px\" src=\"data:image\/svg+xml;base64,PHN2ZyB3aWR0aD0iMSIgaGVpZ2h0PSIxIiB4bWxucz0iaHR0cDovL3d3dy53My5vcmcvMjAwMC9zdmciPjwvc3ZnPg==\" style=\"--smush-placeholder-width: 1024px; --smush-placeholder-aspect-ratio: 1024\/220;\" \/><\/figure>\n\n\n\n<blockquote class=\"wp-block-quote is-layout-flow wp-block-quote-is-layout-flow\">\n<p class=\"has-contrast-color has-text-color has-link-color wp-elements-72ec4e9dc63b86c113d41cce505a6a6c\"><strong>Pozor<\/strong>: vedle tla\u010d\u00edtka &#8222;Zkop\u00edrovat&#8220; je tla\u010d\u00edtko &#8222;Zobrazit SEM k\u00f3d&#8220;. <strong>V GTM \u0161ablon\u011b ho nepou\u017e\u00edvejte<\/strong>!<br>V &#8222;Zobrazit SEM k\u00f3d&#8220; je k\u00f3d s ID pro jinou knihovnu, toto ID nelze pou\u017e\u00edt jako SEM ID!<\/p>\n<\/blockquote>\n\n\n\n<div style=\"height:30px\" aria-hidden=\"true\" class=\"wp-block-spacer\"><\/div>\n\n\n\n<h3 class=\"wp-block-heading\">Povinn\u00e1 data pro specifick\u00e9 ud\u00e1losti<\/h3>\n\n\n\n<p>Pole pro zad\u00e1n\u00ed hodnot se objev\u00ed, pokud zvol\u00edte Event Name, pro kterou jsou relevantn\u00ed.<\/p>\n\n\n\n<ul class=\"wp-block-list\">\n<li><strong>User<\/strong> &#8211; objekt u\u017eivatele, kter\u00fd m\u00e1 atributy jako email, telefon apod. P\u0159esn\u00e1 specifikace viz n\u00ed\u017ee.<br>Relevantn\u00ed pro ud\u00e1losti <code>PageView<\/code> a <code>UserDataUpdate<\/code>.<\/li>\n\n\n\n<li><strong>Products<\/strong> &#8211; pole produkt\u016f souvisej\u00edc\u00ed s danou ud\u00e1lost\u00ed. Nap\u0159. pro Purchase jsou to nakoupen\u00e9 produkty, Search jsou to produkty nalezen\u00e9 ve vyhled\u00e1v\u00e1n\u00ed, AddToCart jsou to produkty p\u0159idan\u00e9 do ko\u0161\u00edku, ViewContent je to pole zobrazen\u00fdch produkt\u016f.<br>Ka\u017ed\u00fd produkt m\u016f\u017ee m\u00edt ID, jm\u00e9no, kategorii, cenu a mno\u017estv\u00ed, a to v n\u011bjak\u00e9m z form\u00e1t\u016f:\n<ul class=\"wp-block-list\">\n<li><a href=\"https:\/\/developers.google.com\/analytics\/devguides\/collection\/ga4\/ecommerce?client_type=gtag#implementation\" data-type=\"link\" data-id=\"https:\/\/developers.google.com\/analytics\/devguides\/collection\/ga4\/ecommerce?client_type=gtag#implementation\" target=\"_blank\" rel=\"noopener\">Google Ecommerce<\/a><\/li>\n\n\n\n<li>Shoptet<\/li>\n<\/ul>\n<\/li>\n\n\n\n<li><strong>Order<\/strong> &#8211; objekt objedn\u00e1vky, a to ve form\u00e1tu <a href=\"https:\/\/developers.google.com\/analytics\/devguides\/collection\/ga4\/set-up-ecommerce#add-event\" target=\"_blank\" rel=\"noopener\">Google Ecommerce<\/a> nebo Shoptet. <\/li>\n\n\n\n<li><strong>Currency Code<\/strong> &#8211; t\u0159\u00edm\u00edstn\u00fd k\u00f3d m\u011bny, nap\u0159. CZK nebo EUR<\/li>\n\n\n\n<li><strong>Content Type<\/strong> &#8211; pouze pro ud\u00e1lost typu &#8222;ViewContent&#8220;. Hodnoty mohou b\u00fdt\n<ul class=\"wp-block-list\">\n<li>product &#8211; pro zobrazen\u00ed detailu produktu<\/li>\n\n\n\n<li>product_group &#8211; pou\u017e\u00edv\u00e1 se na str\u00e1nk\u00e1ch kategori\u00ed nebo produktov\u00fdch seznam\u016f<\/li>\n\n\n\n<li>page &#8211; pro m\u011b\u0159en\u00ed obsahov\u00fdch str\u00e1nek, nap\u0159. \u010dl\u00e1nek na blogu<\/li>\n<\/ul>\n<\/li>\n<\/ul>\n\n\n\n<div style=\"height:30px\" aria-hidden=\"true\" class=\"wp-block-spacer\"><\/div>\n\n\n\n<h3 class=\"wp-block-heading\">Voliteln\u00e9 parametry<\/h3>\n\n\n\n<ul class=\"wp-block-list\">\n<li><strong>Page URL<\/strong> &#8211; pokud pot\u0159ebujete pos\u00edlat &#8222;virtu\u00e1ln\u00ed URL str\u00e1nky&#8220;<\/li>\n\n\n\n<li><strong>Event ID<\/strong> &#8211; mus\u00edte pos\u00edlat, pokud pou\u017e\u00edv\u00e1te m\u011b\u0159en\u00ed v prohl\u00ed\u017ee\u010di a z\u00e1rove\u0148 server-to-server.<br>Na z\u00e1klad\u011b Event ID doch\u00e1z\u00ed k deduplikaci ud\u00e1lost\u00ed &#8211; po\u010d\u00edt\u00e1 se v\u017edy prvn\u00ed p\u0159\u00edchoz\u00ed ud\u00e1lost.<br>Pozn.: \u0161ablona automaticky generuje ID pro ud\u00e1lost Purchase (pokud nezad\u00e1te n\u011bjak\u00e9 vlastn\u00ed). D\u00edky tomu doch\u00e1z\u00ed k deduplikaci transakc\u00ed.<\/li>\n\n\n\n<li><strong>Content Name<\/strong> &#8211; jm\u00e9no obsahu. D\u00e1v\u00e1 smysl nap\u0159. pro ViewContent na \u010dl\u00e1nku na blogu<\/li>\n\n\n\n<li><strong>Page Category<\/strong> &#8211; kategorie str\u00e1nky<\/li>\n\n\n\n<li><strong>Value<\/strong> &#8211; hodnota ud\u00e1losti<\/li>\n<\/ul>\n\n\n\n<div style=\"height:30px\" aria-hidden=\"true\" class=\"wp-block-spacer\"><\/div>\n\n\n\n<h3 class=\"wp-block-heading\">Vlastn\u00ed parametry<\/h3>\n\n\n\n<p>Pokud pot\u0159ebujete zadat vlastn\u00ed hodnoty, budou m\u016f\u017eete zadat ve form\u00e1tu kl\u00ed\u010d &#8211; hodnota podle dokumentace SEM.<\/p>\n\n\n\n<figure class=\"wp-block-image size-large\"><img decoding=\"async\" width=\"1024\" height=\"239\" data-src=\"https:\/\/www.sabatka.net\/wp-content\/uploads\/2025\/12\/seznam-sem-custom-params-1024x239.png\" alt=\"\" class=\"wp-image-706 lazyload\" data-srcset=\"https:\/\/www.sabatka.net\/wp-content\/uploads\/2025\/12\/seznam-sem-custom-params-1024x239.png 1024w, https:\/\/www.sabatka.net\/wp-content\/uploads\/2025\/12\/seznam-sem-custom-params-300x70.png 300w, https:\/\/www.sabatka.net\/wp-content\/uploads\/2025\/12\/seznam-sem-custom-params-768x180.png 768w, https:\/\/www.sabatka.net\/wp-content\/uploads\/2025\/12\/seznam-sem-custom-params.png 1339w\" data-sizes=\"(max-width: 1024px) 100vw, 1024px\" src=\"data:image\/svg+xml;base64,PHN2ZyB3aWR0aD0iMSIgaGVpZ2h0PSIxIiB4bWxucz0iaHR0cDovL3d3dy53My5vcmcvMjAwMC9zdmciPjwvc3ZnPg==\" style=\"--smush-placeholder-width: 1024px; --smush-placeholder-aspect-ratio: 1024\/239;\" \/><\/figure>\n\n\n\n<div style=\"height:50px\" aria-hidden=\"true\" class=\"wp-block-spacer\"><\/div>\n\n\n\n<h2 class=\"wp-block-heading\">P\u0159ed\u00e1van\u00e1 data<\/h2>\n\n\n\n<h3 class=\"wp-block-heading\">User<\/h3>\n\n\n\n<p>P\u0159ed\u00e1v\u00e1 se s ud\u00e1lost\u00ed PageView. Pokud se stav u\u017eivatele zm\u011bn\u00ed b\u011bhem na\u010dten\u00ed str\u00e1nky, zavolejte po zm\u011bn\u011b ud\u00e1lost &#8222;User Data Update&#8220;.<\/p>\n\n\n\n<p>P\u0159edpokl\u00e1d\u00e1 objekt ve tvaru<\/p>\n\n\n\n<pre class=\"wp-block-code\"><code>{\n  email: 'harry@potter.net',\n  phone: '+420777111222',\n  first_name: 'Jo\u0161t',\n  last_name: 'Moravsk\u00fd',\n  gender: 'male',\n  city: 'Brno',\n  street: 'Moravsk\u00e9 n\u00e1m\u011bst\u00ed 123',\n  postal_code: '602 00',\n  region: 'Jihomoravsk\u00fd kraj'\n  country: '\u010cesk\u00e1 republika',\n  registered: true,\n  predicted_ltv: 9.75\n}<\/code><\/pre>\n\n\n\n<div style=\"height:30px\" aria-hidden=\"true\" class=\"wp-block-spacer\"><\/div>\n\n\n\n<p>Produkty<\/p>\n\n\n\n<p>P\u0159edpokl\u00e1d\u00e1 se v\u017edy <strong>pole <\/strong>objekt\u016f ve tvaru Google Ecommerce nebo tvaru, kter\u00fd pou\u017e\u00edv\u00e1 Shoptet.<\/p>\n\n\n\n<pre class=\"wp-block-code\"><code>&#91;\n  {\n    item_id: \"SKU_12345\",\n    item_name: \"Stan and Friends Tee\",\n    discount: 2.22,\n    item_category: \"Apparel\",\n    item_category2: \"Adult\",\n    item_category3: \"Shirts\",\n    item_category4: \"Crew\",\n    item_category5: \"Short sleeve\",\n    price: 10.01,\n    quantity: 3\n  }\n]<\/code><\/pre>\n\n\n\n<div style=\"height:30px\" aria-hidden=\"true\" class=\"wp-block-spacer\"><\/div>\n\n\n\n<p>Order<\/p>\n\n\n\n<p>P\u0159edpokl\u00e1d\u00e1 se v\u017edy objedn\u00e1vka ve tvaru Google Ecommerce nebo tvaru, kter\u00fd pou\u017e\u00edv\u00e1 Shoptet.<\/p>\n\n\n\n<pre class=\"wp-block-code\"><code>{\n  transaction_id: \"T_12345_1\",\n  value: 30.03,\n  tax: 4.90,\n  shipping: 5.99,\n  currency: \"USD\",\n  coupon: \"SUMMER_SALE\",\n}<\/code><\/pre>\n\n\n\n<div style=\"height:50px\" aria-hidden=\"true\" class=\"wp-block-spacer\"><\/div>\n\n\n\n<h2 class=\"wp-block-heading\">Re\u017eim souhlasu<\/h2>\n\n\n\n<p>Pou\u017e\u00edv\u00e1te-li consent mode v2, \u0161ablona si stav souhlasu p\u0159e\u010dte sama.<\/p>\n\n\n\n<p>Pokud consent mode v2 nepou\u017e\u00edv\u00e1te, je pot\u0159eba &#8222;od\u0161krtnout&#8220; pole &#8222;Using Consent Mode v2&#8220; a p\u0159edat stav souhlasu ru\u010dn\u011b.<\/p>\n\n\n\n<figure class=\"wp-block-image size-full\"><img decoding=\"async\" width=\"502\" height=\"187\" data-src=\"https:\/\/www.sabatka.net\/wp-content\/uploads\/2025\/12\/seznam-sem-consents.png\" alt=\"\" class=\"wp-image-716 lazyload\" data-srcset=\"https:\/\/www.sabatka.net\/wp-content\/uploads\/2025\/12\/seznam-sem-consents.png 502w, https:\/\/www.sabatka.net\/wp-content\/uploads\/2025\/12\/seznam-sem-consents-300x112.png 300w\" data-sizes=\"(max-width: 502px) 100vw, 502px\" src=\"data:image\/svg+xml;base64,PHN2ZyB3aWR0aD0iMSIgaGVpZ2h0PSIxIiB4bWxucz0iaHR0cDovL3d3dy53My5vcmcvMjAwMC9zdmciPjwvc3ZnPg==\" style=\"--smush-placeholder-width: 502px; --smush-placeholder-aspect-ratio: 502\/187;\" \/><\/figure>\n\n\n\n<p>Co pole Consent Statuses zadejte objekt ve tvaru<\/p>\n\n\n\n<pre class=\"wp-block-code\"><code>{\n  ad_storage: 'granted',\n  ad_personalization: 'granted',\n  ad_user_data: 'granted',\n  analytics_storage: 'granted',\n  functionality_storage: 'granted'\n}<\/code><\/pre>\n\n\n\n<p>Mo\u017en\u00e9 stavy souhlasu jsou <code>granted<\/code>, <code>1<\/code>, <code>true<\/code> (povoleno) nebo <code>denied<\/code>, <code>0<\/code>, <code>false<\/code> (zak\u00e1z\u00e1no).<\/p>\n\n\n\n<div style=\"height:50px\" aria-hidden=\"true\" class=\"wp-block-spacer\"><\/div>\n\n\n\n<h2 class=\"wp-block-heading\">Doporu\u010den\u00e9 nastaven\u00ed pro konkr\u00e9tn\u00ed str\u00e1nky<\/h2>\n\n\n\n<p>Podle typu str\u00e1nek doporu\u010dujeme n\u00e1sleduj\u00edc\u00ed nastaven\u00ed:<\/p>\n\n\n\n<ul class=\"wp-block-list\">\n<li><strong>Kategorie produkt\u016f<\/strong><br>Pos\u00edlat ud\u00e1losti PageView a ViewContent.<br>V ud\u00e1losti ViewContent zvolte\n<ul class=\"wp-block-list\">\n<li>Content Type = product_group<\/li>\n\n\n\n<li>Products &#8211; produkty zobrazen\u00e9 na str\u00e1nce (do GA4 je pos\u00edl\u00e1te jako imprese)<br><\/li>\n<\/ul>\n<\/li>\n\n\n\n<li><strong>Detail produktu<\/strong><br>Pos\u00edlat ud\u00e1losti PageView a ViewContent.<br>V ud\u00e1losti ViewContent zvolte\n<ul class=\"wp-block-list\">\n<li>Content Type = product<\/li>\n\n\n\n<li>Products &#8211; pole s jedn\u00edm prvkem (zobrazen\u00fd produkt)<br><\/li>\n<\/ul>\n<\/li>\n\n\n\n<li><strong>Vyhled\u00e1v\u00e1n\u00ed<\/strong><br>Pos\u00edlat ud\u00e1losti PageView a Search.<br>V ud\u00e1losti Search zvolte\n<ul class=\"wp-block-list\">\n<li>Products &#8211; produkty zobrazen\u00e9 na str\u00e1nce (do GA4 je pos\u00edl\u00e1te jako imprese)<br><\/li>\n<\/ul>\n<\/li>\n\n\n\n<li><strong>Prvn\u00ed krok checkoutu<\/strong><br>Pos\u00edlat ud\u00e1losti PageView a InitiateCheckout.<br>V ud\u00e1losti InitiateCheckout zvolte\n<ul class=\"wp-block-list\">\n<li>Products &#8211; pole s produkty v ko\u0161\u00edku<br><\/li>\n<\/ul>\n<\/li>\n\n\n\n<li><strong>Dokon\u010den\u00ed objedn\u00e1vky<\/strong><br>Pos\u00edlat ud\u00e1losti PageView a Purchase.<br>V ud\u00e1losti Purchase zvolte\n<ul class=\"wp-block-list\">\n<li>Order &#8211; data o objedn\u00e1vce<\/li>\n\n\n\n<li>Products &#8211; pole s produkty v ko\u0161\u00edku<br><\/li>\n<\/ul>\n<\/li>\n\n\n\n<li><strong>\u010cl\u00e1nek na blogu nebo obsahov\u00e1 str\u00e1nka<\/strong><br>Pos\u00edlat ud\u00e1losti PageView a ViewContent.<br>V ud\u00e1losti ViewContent zvolte\n<ul class=\"wp-block-list\">\n<li>Content Type = page<\/li>\n\n\n\n<li>Zadejte Content Name<\/li>\n<\/ul>\n<\/li>\n<\/ul>\n\n\n\n<div style=\"height:50px\" aria-hidden=\"true\" class=\"wp-block-spacer\"><\/div>\n\n\n\n<h2 class=\"wp-block-heading\">Povolen\u00ed CSP<\/h2>\n\n\n\n<p>Pou\u017e\u00edv\u00e1-li V\u00e1\u0161 web hlavi\u010dky CSP (<a href=\"https:\/\/developer.mozilla.org\/en-US\/docs\/Web\/HTTP\/Guides\/CSP\" data-type=\"link\" data-id=\"https:\/\/developer.mozilla.org\/en-US\/docs\/Web\/HTTP\/Guides\/CSP\" target=\"_blank\" rel=\"noopener\">consent security policy<\/a>), je t\u0159eba povolit:<\/p>\n\n\n\n<ul class=\"wp-block-list\">\n<li><code>script-src l.seznam.cz<\/code><br>Pozn.: tuto direktivu lze vynechat pokud pro ov\u011b\u0159en\u00ed GTM pou\u017e\u00edv\u00e1te <code>nonce<\/code>.<\/li>\n\n\n\n<li><code>connect-src https:\/\/*.seznam.cz<\/code><br>Pozn.: skript se p\u0159ipojuje na dom\u00e9ny <code>https:\/\/l.seznam.cz<\/code> a <code>https:\/\/sem.seznam.cz<\/code><\/li>\n<\/ul>\n\n\n\n<p>Pozn.: pokud v\u016fbec netu\u0161\u00edte, co CSP jsou, zkuste nastavit m\u011b\u0159en\u00ed a pod\u00edvejte se, jestli m\u011b\u0159en\u00ed jede nebo ne. Pokud ano, nemus\u00edte toto \u0159e\u0161it \ud83d\ude00<\/p>\n\n\n\n<p>Pokud m\u011b\u0159en\u00ed nejede, pod\u00edvejte se, jestli je v konzoli prohl\u00ed\u017ee\u010de nen\u00ed chyba ve smyslu &#8222;Refused because Consent Security Policy&#8220;. Pokud tam je, je t\u0159eba toto \u0159e\u0161it.<\/p>\n\n\n\n<figure class=\"wp-block-image size-large\"><img decoding=\"async\" width=\"1024\" height=\"71\" data-src=\"https:\/\/www.sabatka.net\/wp-content\/uploads\/2025\/12\/sem-csp-errors-1024x71.png\" alt=\"\" class=\"wp-image-711 lazyload\" data-srcset=\"https:\/\/www.sabatka.net\/wp-content\/uploads\/2025\/12\/sem-csp-errors-1024x71.png 1024w, https:\/\/www.sabatka.net\/wp-content\/uploads\/2025\/12\/sem-csp-errors-300x21.png 300w, https:\/\/www.sabatka.net\/wp-content\/uploads\/2025\/12\/sem-csp-errors-768x53.png 768w, https:\/\/www.sabatka.net\/wp-content\/uploads\/2025\/12\/sem-csp-errors.png 1473w\" data-sizes=\"(max-width: 1024px) 100vw, 1024px\" src=\"data:image\/svg+xml;base64,PHN2ZyB3aWR0aD0iMSIgaGVpZ2h0PSIxIiB4bWxucz0iaHR0cDovL3d3dy53My5vcmcvMjAwMC9zdmciPjwvc3ZnPg==\" style=\"--smush-placeholder-width: 1024px; --smush-placeholder-aspect-ratio: 1024\/71;\" \/><\/figure>\n\n\n\n<div style=\"height:50px\" aria-hidden=\"true\" class=\"wp-block-spacer\"><\/div>\n\n\n\n<h2 class=\"wp-block-heading\">Ostatn\u00ed<a href=\"https:\/\/github.com\/pavelsabatka\/gtm-heureka#ostatn%C3%AD\" target=\"_blank\" rel=\"noopener\"><\/a><\/h2>\n\n\n\n<h3 class=\"wp-block-heading\">Z\u0159eknut\u00ed se zodpov\u011bdnosti<a href=\"https:\/\/github.com\/pavelsabatka\/gtm-heureka#z%C5%99eknut%C3%AD-se-zodpov%C4%9Bdnosti\" target=\"_blank\" rel=\"noopener\"><\/a><\/h3>\n\n\n\n<p>\u0160ablonu vyv\u00edj\u00edm ve sv\u00e9m voln\u00e9m \u010dase, aby V\u00e1m u\u0161et\u0159ila \u010das a pr\u00e1ci. Za jej\u00ed vyu\u017eit\u00ed \u010di p\u0159\u00edpadn\u00e9 \u0161kody vznikl\u00e9 jej\u00edm pou\u017e\u00edv\u00e1n\u00edm nejsem zodpov\u011bdn\u00fd. \u0160ablona stahuje skripty t\u0159et\u00ed strany (Seznam.cz), a to dle dokumentace, kterou Seznam.cz zve\u0159ej\u0148uje. Za p\u0159\u00edpadn\u00e9 nedostatky z hlediska GDPR nejsem zodpov\u011bdn\u00fd.<\/p>\n\n\n\n<div style=\"height:50px\" aria-hidden=\"true\" class=\"wp-block-spacer\"><\/div>\n\n\n\n<h3 class=\"wp-block-heading\">Konzultace<a href=\"https:\/\/github.com\/pavelsabatka\/gtm-heureka#konzultace\" target=\"_blank\" rel=\"noopener\"><\/a><\/h3>\n\n\n\n<p>M\u00e1te-li probl\u00e9my s nasazen\u00edm \u0161ablony,&nbsp;<a href=\"https:\/\/www.sabatka.net\/kontakt\">m\u016f\u017eete se na mne obr\u00e1tit<\/a>&nbsp;v r\u00e1mci placen\u00e9 konzultace.<\/p>\n\n\n\n<div style=\"height:50px\" aria-hidden=\"true\" class=\"wp-block-spacer\"><\/div>\n\n\n\n<div class=\"wp-block-buttons is-layout-flex wp-block-buttons-is-layout-flex\">\n<div class=\"wp-block-button scroll_to_subscribe\"><a class=\"wp-block-button__link wp-element-button\" href=\"https:\/\/www.sabatka.net\/cs\/kontakt\/\">Kontaktujte m\u011b<\/a><\/div>\n\n\n\n<div class=\"wp-block-button linkedinShare\"><a class=\"wp-block-button__link wp-element-button\">Sd\u00edlet na LinkedIN<\/a><\/div>\n<\/div>\n\n\n\n<div style=\"height:50px\" aria-hidden=\"true\" class=\"wp-block-spacer\"><\/div>\n\n\n\n<script>\nwindow.dataLayer = window.dataLayer || [];\nwindow.dataLayer.push({\n  'page': {\n    '_class': 'gtm_templates.detail'\n  }\n});\n<\/script>\n","protected":false},"excerpt":{"rendered":"<p>O \u0161ablon\u011b \u0160ablona \u0159e\u0161\u00ed m\u011b\u0159en\u00ed Seznam SEM. Seznam SEM nen\u00ed kompatibiln\u00ed s m\u011b\u0159en\u00edm Sklik p\u0159ed rokem 2026. Abyste mohli SEM vyu\u017e\u00edvat, mus\u00edte nejprve v\u00e1\u0161 \u00fa\u010det Sklik migrovat na SEM. Teprve pot\u00e9 v administraci m\u016f\u017eete vygenerovat SEM ID. Ofici\u00e1ln\u00ed dokumentace SEM Nastaven\u00ed Povinn\u00e1 data Kde vz\u00edt Seznam ID V administraci Sklik p\u0159ejd\u011bte do nastaven\u00ed. V odstavci [&hellip;]<\/p>\n","protected":false},"author":1,"featured_media":0,"parent":0,"menu_order":0,"comment_status":"closed","ping_status":"closed","template":"","meta":{"footnotes":""},"class_list":["post-595","page","type-page","status-publish","hentry"],"_links":{"self":[{"href":"https:\/\/www.sabatka.net\/cs\/wp-json\/wp\/v2\/pages\/595","targetHints":{"allow":["GET"]}}],"collection":[{"href":"https:\/\/www.sabatka.net\/cs\/wp-json\/wp\/v2\/pages"}],"about":[{"href":"https:\/\/www.sabatka.net\/cs\/wp-json\/wp\/v2\/types\/page"}],"author":[{"embeddable":true,"href":"https:\/\/www.sabatka.net\/cs\/wp-json\/wp\/v2\/users\/1"}],"replies":[{"embeddable":true,"href":"https:\/\/www.sabatka.net\/cs\/wp-json\/wp\/v2\/comments?post=595"}],"version-history":[{"count":49,"href":"https:\/\/www.sabatka.net\/cs\/wp-json\/wp\/v2\/pages\/595\/revisions"}],"predecessor-version":[{"id":958,"href":"https:\/\/www.sabatka.net\/cs\/wp-json\/wp\/v2\/pages\/595\/revisions\/958"}],"wp:attachment":[{"href":"https:\/\/www.sabatka.net\/cs\/wp-json\/wp\/v2\/media?parent=595"}],"curies":[{"name":"wp","href":"https:\/\/api.w.org\/{rel}","templated":true}]}}