{"id":879,"date":"2026-03-17T16:18:37","date_gmt":"2026-03-17T14:18:37","guid":{"rendered":"https:\/\/www.sabatka.net\/cs\/?page_id=879"},"modified":"2026-03-17T16:48:25","modified_gmt":"2026-03-17T14:48:25","slug":"gtm-template-heureka-cz-and-sk","status":"publish","type":"page","link":"https:\/\/www.sabatka.net\/cs\/gtm-template-heureka-cz-and-sk\/","title":{"rendered":"GTM \u0161ablona pro Heureka CZ a SK"},"content":{"rendered":"\n<p>\u0160ablona pro Google Tag Manager pro m\u011b\u0159en\u00ed konverz\u00ed Heureka. M\u011b\u0159\u00ed konverze dle<\/p>\n\n\n\n<ul class=\"wp-block-list\">\n<li><a href=\"https:\/\/sluzby.heureka.cz\/napoveda\/mereni-konverzi\/\" target=\"_blank\" rel=\"noopener\">Dokumentace pro Heureka.cz<\/a><\/li>\n\n\n\n<li><a href=\"https:\/\/sluzby.heureka.sk\/napoveda\/mereni-konverzi\/\" target=\"_blank\" rel=\"noopener\">Dokumentace pro Heureka.sk<\/a><\/li>\n\n\n\n<li><a href=\"https:\/\/github.com\/pavelsabatka\/gtm-heureka\/tree\/main\" target=\"_blank\" rel=\"noopener\">Github Repozit\u00e1\u0159<\/a><\/li>\n\n\n\n<li><a href=\"https:\/\/github.com\/pavelsabatka\/gtm-heureka\/blob\/main\/CHANGELOG.md\" data-type=\"link\" data-id=\"https:\/\/github.com\/pavelsabatka\/gtm-heureka\/blob\/main\/CHANGELOG.md\" target=\"_blank\" rel=\"noopener\">Changelog<\/a><\/li>\n\n\n\n<li><a href=\"https:\/\/github.com\/pavelsabatka\/gtm-arukereso\/blob\/main\/README-EN.md\" data-type=\"link\" data-id=\"https:\/\/github.com\/pavelsabatka\/gtm-arukereso\/blob\/main\/README-EN.md\" target=\"_blank\" rel=\"noopener\">\u0160ablona pro ma\u010farsk\u00e9 Arukereso.hu<\/a><\/li>\n<\/ul>\n\n\n\n<div style=\"height:50px\" aria-hidden=\"true\" class=\"wp-block-spacer\"><\/div>\n\n\n\n<h2 class=\"wp-block-heading\">Nastaven\u00ed<a href=\"https:\/\/github.com\/pavelsabatka\/gtm-heureka#nastaven%C3%AD\" target=\"_blank\" rel=\"noopener\"><\/a><\/h2>\n\n\n\n<p>Pro spr\u00e1vn\u00e9 m\u011b\u0159en\u00ed je t\u0159eba implementovat 2 k\u00f3dy:<\/p>\n\n\n\n<ol class=\"wp-block-list\">\n<li>k\u00f3d na str\u00e1nku detailu produktu<\/li>\n\n\n\n<li>konverzn\u00ed k\u00f3d d\u011bkovac\u00ed str\u00e1nku<\/li>\n<\/ol>\n\n\n\n<p>V obou k\u00f3dech je t\u0159eba spr\u00e1vn\u011b nastavit zemi, ve kter\u00e9 m\u00e1te \u00fa\u010det na Heureka.<\/p>\n\n\n\n<div style=\"height:50px\" aria-hidden=\"true\" class=\"wp-block-spacer\"><\/div>\n\n\n\n<h3 class=\"wp-block-heading\">Detail produktu<a href=\"https:\/\/github.com\/pavelsabatka\/gtm-heureka#detail-produktu\" target=\"_blank\" rel=\"noopener\"><\/a><\/h3>\n\n\n\n<p>Pro nastaven\u00ed sta\u010d\u00ed pouze nastavit zemi a typ k\u00f3du jako &#8222;Item detail&#8220;.<\/p>\n\n\n\n<figure class=\"wp-block-image\"><a href=\"https:\/\/github.com\/pavelsabatka\/gtm-heureka\/blob\/main\/img\/heureka-item-detail.png\" target=\"_blank\" rel=\"noreferrer noopener\"><img decoding=\"async\" data-src=\"https:\/\/github.com\/pavelsabatka\/gtm-heureka\/raw\/main\/img\/heureka-item-detail.png\" alt=\"Konfigurace GTM \u0161ablony pro Heureka detail produktu\" src=\"data:image\/svg+xml;base64,PHN2ZyB3aWR0aD0iMSIgaGVpZ2h0PSIxIiB4bWxucz0iaHR0cDovL3d3dy53My5vcmcvMjAwMC9zdmciPjwvc3ZnPg==\" class=\"lazyload\" \/><\/a><\/figure>\n\n\n\n<div style=\"height:50px\" aria-hidden=\"true\" class=\"wp-block-spacer\"><\/div>\n\n\n\n<h3 class=\"wp-block-heading\">Konverzn\u00ed k\u00f3d<a href=\"https:\/\/github.com\/pavelsabatka\/gtm-heureka#konverzn%C3%AD-k%C3%B3d\" target=\"_blank\" rel=\"noopener\"><\/a><\/h3>\n\n\n\n<p>V \u0161ablon\u011b je t\u0159eba nastavit<\/p>\n\n\n\n<ul class=\"wp-block-list\">\n<li><strong>Key<\/strong>&nbsp;&#8211; kl\u00ed\u010d pro m\u011b\u0159en\u00ed eshopu. Z\u00edsk\u00e1te ho v administraci Heureka.<\/li>\n\n\n\n<li><strong>Order<\/strong>&nbsp;&#8211; objekt&nbsp;<a href=\"https:\/\/developers.google.com\/analytics\/devguides\/collection\/ga4\/set-up-ecommerce\" target=\"_blank\" rel=\"noopener\">Transakce ve form\u00e1tu GA4<\/a>&nbsp;(nebo Universal Analytics &#8211;&nbsp;<code>ecommerce.purchase<\/code>).<\/li>\n\n\n\n<li><strong>Order Id<\/strong>&nbsp;&#8211; unik\u00e1tn\u00ed ID dan\u00e9 objedn\u00e1vky<\/li>\n\n\n\n<li><strong>Currency<\/strong>&nbsp;&#8211; t\u0159\u00edm\u00edstn\u00fd k\u00f3d m\u011bny podle ISO 4217. Nap\u0159. CZK, EUR, USD<\/li>\n\n\n\n<li><strong>Products<\/strong>&nbsp;&#8211; pole produkt\u016f (objekt). O\u010dek\u00e1v\u00e1 se, \u017ee ka\u017ed\u00fd produkt bude m\u00edt atributy&nbsp;<code>id<\/code>&nbsp;(nebo&nbsp;<code>item_id<\/code>),&nbsp;<code>name<\/code>&nbsp;(nebo&nbsp;<code>item_name<\/code>),&nbsp;<code>price<\/code>&nbsp;a&nbsp;<code>quantity<\/code>.<\/li>\n\n\n\n<li><strong>Additional Items<\/strong>&nbsp;(voliteln\u00e9) &#8211; do pole lze zadat dal\u0161\u00ed polo\u017eky, kter\u00e9 maj\u00ed vliv na celkovou cenu objedn\u00e1vky. Nap\u0159. doprava, platba, vouchery nebo slevy.<\/li>\n<\/ul>\n\n\n\n<p>Pokud je vlo\u017een objekt transakce, na\u010dte se z n\u011bj aktumaticky co nejv\u00edce dat &#8211; ID objedn\u00e1vky, celkov\u00e1 cena, produkty, additional items.<\/p>\n\n\n\n<div style=\"height:30px\" aria-hidden=\"true\" class=\"wp-block-spacer\"><\/div>\n\n\n\n<h3 class=\"wp-block-heading\">P\u0159\u00edklady<a href=\"https:\/\/github.com\/pavelsabatka\/gtm-heureka#p%C5%99%C3%ADklady\" target=\"_blank\" rel=\"noopener\"><\/a><br><a href=\"https:\/\/github.com\/pavelsabatka\/gtm-heureka\/blob\/main\/img\/heureka-purchase-rows.png\" target=\"_blank\" rel=\"noreferrer noopener\"><\/a><\/h3>\n\n\n\n<h4 class=\"wp-block-heading\">Na\u010dten\u00ed z prom\u011bnn\u00fdch<\/h4>\n\n\n\n<figure class=\"wp-block-image size-large\"><img decoding=\"async\" width=\"890\" height=\"1024\" data-src=\"https:\/\/www.sabatka.net\/wp-content\/uploads\/2026\/03\/image-890x1024.png\" alt=\"\" class=\"wp-image-886 lazyload\" data-srcset=\"https:\/\/www.sabatka.net\/wp-content\/uploads\/2026\/03\/image-890x1024.png 890w, https:\/\/www.sabatka.net\/wp-content\/uploads\/2026\/03\/image-261x300.png 261w, https:\/\/www.sabatka.net\/wp-content\/uploads\/2026\/03\/image-768x884.png 768w, https:\/\/www.sabatka.net\/wp-content\/uploads\/2026\/03\/image-1334x1536.png 1334w, https:\/\/www.sabatka.net\/wp-content\/uploads\/2026\/03\/image.png 1515w\" data-sizes=\"(max-width: 890px) 100vw, 890px\" src=\"data:image\/svg+xml;base64,PHN2ZyB3aWR0aD0iMSIgaGVpZ2h0PSIxIiB4bWxucz0iaHR0cDovL3d3dy53My5vcmcvMjAwMC9zdmciPjwvc3ZnPg==\" style=\"--smush-placeholder-width: 890px; --smush-placeholder-aspect-ratio: 890\/1024;\" \/><\/figure>\n\n\n\n<div style=\"height:50px\" aria-hidden=\"true\" class=\"wp-block-spacer\"><\/div>\n\n\n\n<h4 class=\"wp-block-heading\">Vyu\u017eit\u00ed objektu Transakce Data jsou&nbsp;<a href=\"https:\/\/developers.google.com\/analytics\/devguides\/collection\/ga4\/set-up-ecommerce\" target=\"_blank\" rel=\"noopener\">ve form\u00e1tu ve form\u00e1tu purchase pro GA4<\/a>&nbsp;<\/h4>\n\n\n\n<figure class=\"wp-block-image size-large\"><img decoding=\"async\" width=\"937\" height=\"1024\" data-src=\"https:\/\/www.sabatka.net\/wp-content\/uploads\/2026\/03\/image-1-937x1024.png\" alt=\"\" class=\"wp-image-887 lazyload\" data-srcset=\"https:\/\/www.sabatka.net\/wp-content\/uploads\/2026\/03\/image-1-937x1024.png 937w, https:\/\/www.sabatka.net\/wp-content\/uploads\/2026\/03\/image-1-275x300.png 275w, https:\/\/www.sabatka.net\/wp-content\/uploads\/2026\/03\/image-1-768x839.png 768w, https:\/\/www.sabatka.net\/wp-content\/uploads\/2026\/03\/image-1-1406x1536.png 1406w, https:\/\/www.sabatka.net\/wp-content\/uploads\/2026\/03\/image-1.png 1509w\" data-sizes=\"(max-width: 937px) 100vw, 937px\" src=\"data:image\/svg+xml;base64,PHN2ZyB3aWR0aD0iMSIgaGVpZ2h0PSIxIiB4bWxucz0iaHR0cDovL3d3dy53My5vcmcvMjAwMC9zdmciPjwvc3ZnPg==\" style=\"--smush-placeholder-width: 937px; --smush-placeholder-aspect-ratio: 937\/1024;\" \/><\/figure>\n\n\n\n<h4 class=\"wp-block-heading\">Zad\u00e1n\u00ed dopl\u0148uj\u00edc\u00edch n\u00e1klad\u016f&nbsp;<\/h4>\n\n\n\n<figure class=\"wp-block-image size-large\"><img decoding=\"async\" width=\"1024\" height=\"280\" data-src=\"https:\/\/www.sabatka.net\/wp-content\/uploads\/2026\/03\/heureka-purchase-additiona-items-1024x280.png\" alt=\"\" class=\"wp-image-889 lazyload\" data-srcset=\"https:\/\/www.sabatka.net\/wp-content\/uploads\/2026\/03\/heureka-purchase-additiona-items-1024x280.png 1024w, https:\/\/www.sabatka.net\/wp-content\/uploads\/2026\/03\/heureka-purchase-additiona-items-300x82.png 300w, https:\/\/www.sabatka.net\/wp-content\/uploads\/2026\/03\/heureka-purchase-additiona-items-768x210.png 768w, https:\/\/www.sabatka.net\/wp-content\/uploads\/2026\/03\/heureka-purchase-additiona-items.png 1425w\" data-sizes=\"(max-width: 1024px) 100vw, 1024px\" src=\"data:image\/svg+xml;base64,PHN2ZyB3aWR0aD0iMSIgaGVpZ2h0PSIxIiB4bWxucz0iaHR0cDovL3d3dy53My5vcmcvMjAwMC9zdmciPjwvc3ZnPg==\" style=\"--smush-placeholder-width: 1024px; --smush-placeholder-aspect-ratio: 1024\/280;\" \/><\/figure>\n\n\n\n<ol class=\"wp-block-list\">\n<li><\/li>\n<\/ol>\n\n\n\n<div style=\"height:50px\" aria-hidden=\"true\" class=\"wp-block-spacer\"><\/div>\n\n\n\n<h2 class=\"wp-block-heading\">Lad\u011bn\u00ed<\/h2>\n\n\n\n<p>V Debug M\u00f3du GTM najd\u011bte ud\u00e1lost, kde se spou\u0161t\u00ed tag pro m\u011b\u0159en\u00ed Heureky. V\u0161echny p\u0159edan\u00e9 parametry pak m\u016f\u017eete zobrazit v konzoli. Do\u0161lo k odesl\u00e1n\u00ed dat Heurece, mus\u00ed b\u00fdt na konci uveden stav&nbsp;<code>success<\/code>.&nbsp;<\/p>\n\n\n\n<figure class=\"wp-block-image size-large\"><img decoding=\"async\" width=\"1024\" height=\"944\" data-src=\"https:\/\/www.sabatka.net\/wp-content\/uploads\/2026\/03\/heureka-debug-1024x944.png\" alt=\"\" class=\"wp-image-890 lazyload\" data-srcset=\"https:\/\/www.sabatka.net\/wp-content\/uploads\/2026\/03\/heureka-debug-1024x944.png 1024w, https:\/\/www.sabatka.net\/wp-content\/uploads\/2026\/03\/heureka-debug-300x277.png 300w, https:\/\/www.sabatka.net\/wp-content\/uploads\/2026\/03\/heureka-debug-768x708.png 768w, https:\/\/www.sabatka.net\/wp-content\/uploads\/2026\/03\/heureka-debug-1536x1417.png 1536w, https:\/\/www.sabatka.net\/wp-content\/uploads\/2026\/03\/heureka-debug.png 1880w\" data-sizes=\"(max-width: 1024px) 100vw, 1024px\" src=\"data:image\/svg+xml;base64,PHN2ZyB3aWR0aD0iMSIgaGVpZ2h0PSIxIiB4bWxucz0iaHR0cDovL3d3dy53My5vcmcvMjAwMC9zdmciPjwvc3ZnPg==\" style=\"--smush-placeholder-width: 1024px; --smush-placeholder-aspect-ratio: 1024\/944;\" \/><\/figure>\n\n\n\n<div style=\"height:50px\" aria-hidden=\"true\" class=\"wp-block-spacer\"><\/div>\n\n\n\n<h2 class=\"wp-block-heading\">Souhlas<\/h2>\n\n\n\n<p>\u0160ablona nekontruluje stav souhlasu. Heureka&nbsp;<a href=\"https:\/\/sluzby.heureka.cz\/napoveda\/mereni-konverzi\/\" target=\"_blank\" rel=\"noopener\">v dokumentaci<\/a>&nbsp;uv\u00e1d\u00ed, \u017ee by k\u00f3dy m\u011bly b\u00fdt spou\u0161t\u011bny bez souhlasu &#8211; \u0159\u00edd\u00ed se souhlasem ud\u011blen\u00fdm na webu Heureka. Toto \u0159e\u0161en\u00ed ale konzultujte s Va\u0161imi pr\u00e1vn\u00edky, za jeho spr\u00e1vnost nejsem zodpov\u011bdn\u00fd.<\/p>\n\n\n\n<div style=\"height:50px\" aria-hidden=\"true\" class=\"wp-block-spacer\"><\/div>\n\n\n\n<h2 class=\"wp-block-heading\">Ostatn\u00ed<\/h2>\n\n\n\n<p><a href=\"https:\/\/github.com\/pavelsabatka\/gtm-heureka#ostatn%C3%AD\" target=\"_blank\" rel=\"noopener\"><\/a><\/p>\n\n\n\n<h2 class=\"wp-block-heading\">Z\u0159eknut\u00ed se zodpov\u011bdnosti<\/h2>\n\n\n\n<p><a href=\"https:\/\/github.com\/pavelsabatka\/gtm-heureka#z%C5%99eknut%C3%AD-se-zodpov%C4%9Bdnosti\" target=\"_blank\" rel=\"noopener\"><\/a><\/p>\n\n\n\n<p>\u0160ablonu vyv\u00edj\u00edm ve sv\u00e9m voln\u00e9m \u010dase, aby V\u00e1m u\u0161et\u0159ila \u010das a pr\u00e1ci. Za jej\u00ed vyu\u017eit\u00ed \u010di p\u0159\u00edpadn\u00e9 \u0161kody vznikl\u00e9 jej\u00edm pou\u017e\u00edv\u00e1n\u00edm nejsem zodpov\u011bdn\u00fd. \u0160ablona stahuje skripty t\u0159et\u00ed strany (Heureka.cz), a to dle dokumentace, kterou Heureka zve\u0159ej\u0148uje. Za p\u0159\u00edpadn\u00e9 nedostatky z hlediska GDPR nejsem zodpov\u011bdn\u00fd.<\/p>\n\n\n\n<div style=\"height:50px\" aria-hidden=\"true\" class=\"wp-block-spacer\"><\/div>\n\n\n\n<h2 class=\"wp-block-heading\">Konzultace<a href=\"https:\/\/github.com\/pavelsabatka\/gtm-heureka#konzultace\" target=\"_blank\" rel=\"noopener\"><\/a><\/h2>\n\n\n\n<p>M\u00e1te-li probl\u00e9my s nasazen\u00edm \u0161ablony,&nbsp;<a href=\"https:\/\/www.sabatka.net\/kontakt\">m\u016f\u017eete se na mne obr\u00e1tit<\/a>&nbsp;v r\u00e1mci placen\u00e9 konzultace.<\/p>\n\n\n\n<div style=\"height:50px\" aria-hidden=\"true\" class=\"wp-block-spacer\"><\/div>\n\n\n\n<div class=\"wp-block-buttons is-layout-flex wp-block-buttons-is-layout-flex\">\n<div class=\"wp-block-button scroll_to_subscribe\"><a class=\"wp-block-button__link wp-element-button\" href=\"https:\/\/www.sabatka.net\/cs\/kontakt\/\">Kontaktujte m\u011b<\/a><\/div>\n\n\n\n<div class=\"wp-block-button linkedinShare\"><a class=\"wp-block-button__link wp-element-button\">Sd\u00edlet na LinkedIN<\/a><\/div>\n<\/div>\n\n\n\n<script>\nwindow.dataLayer = window.dataLayer || [];\nwindow.dataLayer.push({\n  'page': {\n    '_class': 'gtm_templates.detail'\n  }\n});\n<\/script>\n","protected":false},"excerpt":{"rendered":"<p>\u0160ablona pro Google Tag Manager pro m\u011b\u0159en\u00ed konverz\u00ed Heureka. M\u011b\u0159\u00ed konverze dle Nastaven\u00ed Pro spr\u00e1vn\u00e9 m\u011b\u0159en\u00ed je t\u0159eba implementovat 2 k\u00f3dy: V obou k\u00f3dech je t\u0159eba spr\u00e1vn\u011b nastavit zemi, ve kter\u00e9 m\u00e1te \u00fa\u010det na Heureka. Detail produktu Pro nastaven\u00ed sta\u010d\u00ed pouze nastavit zemi a typ k\u00f3du jako &#8222;Item detail&#8220;. Konverzn\u00ed k\u00f3d V \u0161ablon\u011b je t\u0159eba [&hellip;]<\/p>\n","protected":false},"author":1,"featured_media":0,"parent":0,"menu_order":0,"comment_status":"closed","ping_status":"closed","template":"","meta":{"footnotes":""},"class_list":["post-879","page","type-page","status-publish","hentry"],"_links":{"self":[{"href":"https:\/\/www.sabatka.net\/cs\/wp-json\/wp\/v2\/pages\/879","targetHints":{"allow":["GET"]}}],"collection":[{"href":"https:\/\/www.sabatka.net\/cs\/wp-json\/wp\/v2\/pages"}],"about":[{"href":"https:\/\/www.sabatka.net\/cs\/wp-json\/wp\/v2\/types\/page"}],"author":[{"embeddable":true,"href":"https:\/\/www.sabatka.net\/cs\/wp-json\/wp\/v2\/users\/1"}],"replies":[{"embeddable":true,"href":"https:\/\/www.sabatka.net\/cs\/wp-json\/wp\/v2\/comments?post=879"}],"version-history":[{"count":14,"href":"https:\/\/www.sabatka.net\/cs\/wp-json\/wp\/v2\/pages\/879\/revisions"}],"predecessor-version":[{"id":906,"href":"https:\/\/www.sabatka.net\/cs\/wp-json\/wp\/v2\/pages\/879\/revisions\/906"}],"wp:attachment":[{"href":"https:\/\/www.sabatka.net\/cs\/wp-json\/wp\/v2\/media?parent=879"}],"curies":[{"name":"wp","href":"https:\/\/api.w.org\/{rel}","templated":true}]}}