{"id":89,"date":"2025-07-25T15:46:04","date_gmt":"2025-07-25T13:46:04","guid":{"rendered":"http:\/\/sabatka.net\/cs\/?page_id=89"},"modified":"2026-02-13T16:51:25","modified_gmt":"2026-02-13T14:51:25","slug":"how-to-share","status":"publish","type":"page","link":"https:\/\/www.sabatka.net\/cs\/how-to-share\/","title":{"rendered":"Sd\u00edlen\u00ed p\u0159\u00edstup\u016f"},"content":{"rendered":"\n<p>Kv\u016fli spolupr\u00e1ci budu pot\u0159ebovat nasd\u00edlet p\u0159\u00edstupy do GA4, GTM a dal\u0161\u00edch n\u00e1stroj\u016f, a to na adresu <a href=\"mailto:pavel@sabatka.net\"><strong>pavel@sabatka.net<\/strong><\/a>.<\/p>\n\n\n\n<ul class=\"wp-block-list\">\n<li><a href=\"#ga4\">Google Analytics 4<\/a><\/li>\n\n\n\n<li><a href=\"#gtm\">Google Tag Manager<\/a><\/li>\n\n\n\n<li><a href=\"#gc\">Google Cloud<\/a><\/li>\n\n\n\n<li><a href=\"#gtm\">Clarity<\/a><\/li>\n\n\n\n<li><a href=\"#gads\" data-type=\"internal\" data-id=\"#gads\">Google Ads<\/a><\/li>\n<\/ul>\n\n\n\n<div style=\"height:100px\" aria-hidden=\"true\" class=\"wp-block-spacer\"><\/div>\n\n\n\n<h2 class=\"wp-block-heading\" id=\"ga4\">Google Analytics 4<\/h2>\n\n\n\n<div class=\"wp-block-media-text has-media-on-the-right is-stacked-on-mobile is-vertically-aligned-top\"><div class=\"wp-block-media-text__content\">\n<p>P\u0159ejd\u011bte do administrace <a href=\"https:\/\/analytics.google.com\/analytics\/web\/#\/a24228981p288344725\/admin\/suiteusermanagement\/account\" target=\"_blank\" rel=\"noopener\">Google Analytics 4<\/a> a vyberte spr\u00e1vu u\u017eivatel\u016f.<\/p>\n<\/div><figure class=\"wp-block-media-text__media\"><img decoding=\"async\" width=\"1024\" height=\"921\" data-src=\"http:\/\/sabatka.net\/wp-content\/uploads\/2025\/07\/ga4-1-1024x921.png\" alt=\"\" class=\"wp-image-90 size-full lazyload\" data-srcset=\"https:\/\/www.sabatka.net\/wp-content\/uploads\/2025\/07\/ga4-1-1024x921.png 1024w, https:\/\/www.sabatka.net\/wp-content\/uploads\/2025\/07\/ga4-1-300x270.png 300w, https:\/\/www.sabatka.net\/wp-content\/uploads\/2025\/07\/ga4-1-768x690.png 768w, https:\/\/www.sabatka.net\/wp-content\/uploads\/2025\/07\/ga4-1.png 1308w\" data-sizes=\"(max-width: 1024px) 100vw, 1024px\" src=\"data:image\/svg+xml;base64,PHN2ZyB3aWR0aD0iMSIgaGVpZ2h0PSIxIiB4bWxucz0iaHR0cDovL3d3dy53My5vcmcvMjAwMC9zdmciPjwvc3ZnPg==\" style=\"--smush-placeholder-width: 1024px; --smush-placeholder-aspect-ratio: 1024\/921;\" \/><\/figure><\/div>\n\n\n\n<div class=\"wp-block-media-text has-media-on-the-right is-stacked-on-mobile is-vertically-aligned-top\"><div class=\"wp-block-media-text__content\">\n<p>Klikn\u011bte na tla\u010d\u00edtko p\u0159idat.<\/p>\n<\/div><figure class=\"wp-block-media-text__media\"><img decoding=\"async\" width=\"1024\" height=\"313\" data-src=\"http:\/\/sabatka.net\/wp-content\/uploads\/2025\/07\/ga4-2-1024x313.png\" alt=\"\" class=\"wp-image-91 size-full lazyload\" data-srcset=\"https:\/\/www.sabatka.net\/wp-content\/uploads\/2025\/07\/ga4-2-1024x313.png 1024w, https:\/\/www.sabatka.net\/wp-content\/uploads\/2025\/07\/ga4-2-300x92.png 300w, https:\/\/www.sabatka.net\/wp-content\/uploads\/2025\/07\/ga4-2-768x235.png 768w, https:\/\/www.sabatka.net\/wp-content\/uploads\/2025\/07\/ga4-2.png 1412w\" data-sizes=\"(max-width: 1024px) 100vw, 1024px\" src=\"data:image\/svg+xml;base64,PHN2ZyB3aWR0aD0iMSIgaGVpZ2h0PSIxIiB4bWxucz0iaHR0cDovL3d3dy53My5vcmcvMjAwMC9zdmciPjwvc3ZnPg==\" style=\"--smush-placeholder-width: 1024px; --smush-placeholder-aspect-ratio: 1024\/313;\" \/><\/figure><\/div>\n\n\n\n<div class=\"wp-block-media-text has-media-on-the-right is-stacked-on-mobile is-vertically-aligned-top\"><div class=\"wp-block-media-text__content\">\n<p>Jako emailovou adresu p\u0159idejte <strong>pavel@sabatka.net<\/strong>, p\u0159idejte opr\u00e1vn\u011bn\u00ed <strong>Editor<\/strong>. Pot\u00e9 klikn\u011bte na &#8222;<strong>P\u0159idat<\/strong>&#8222;.<\/p>\n<\/div><figure class=\"wp-block-media-text__media\"><img decoding=\"async\" width=\"1024\" height=\"965\" data-src=\"http:\/\/sabatka.net\/wp-content\/uploads\/2025\/07\/ga4-3-1024x965.png\" alt=\"\" class=\"wp-image-92 size-full lazyload\" data-srcset=\"https:\/\/www.sabatka.net\/wp-content\/uploads\/2025\/07\/ga4-3-1024x965.png 1024w, https:\/\/www.sabatka.net\/wp-content\/uploads\/2025\/07\/ga4-3-300x283.png 300w, https:\/\/www.sabatka.net\/wp-content\/uploads\/2025\/07\/ga4-3-768x724.png 768w, https:\/\/www.sabatka.net\/wp-content\/uploads\/2025\/07\/ga4-3.png 1116w\" data-sizes=\"(max-width: 1024px) 100vw, 1024px\" src=\"data:image\/svg+xml;base64,PHN2ZyB3aWR0aD0iMSIgaGVpZ2h0PSIxIiB4bWxucz0iaHR0cDovL3d3dy53My5vcmcvMjAwMC9zdmciPjwvc3ZnPg==\" style=\"--smush-placeholder-width: 1024px; --smush-placeholder-aspect-ratio: 1024\/965;\" \/><\/figure><\/div>\n\n\n\n<div style=\"height:100px\" aria-hidden=\"true\" class=\"wp-block-spacer\"><\/div>\n\n\n\n<h2 class=\"wp-block-heading\" id=\"gtm\">Google Tag Manager<\/h2>\n\n\n\n<div class=\"wp-block-media-text has-media-on-the-right is-stacked-on-mobile is-vertically-aligned-top\"><div class=\"wp-block-media-text__content\">\n<p>V Admin sekci <a href=\"https:\/\/tagmanager.google.com\/#\/admin\" target=\"_blank\" rel=\"noopener\">Google Tag Manager<\/a> vyberte &#8222;User Management&#8220;.<\/p>\n<\/div><figure class=\"wp-block-media-text__media\"><img decoding=\"async\" width=\"1024\" height=\"673\" data-src=\"http:\/\/sabatka.net\/wp-content\/uploads\/2025\/07\/gtm-1-1024x673.png\" alt=\"\" class=\"wp-image-93 size-full lazyload\" data-srcset=\"https:\/\/www.sabatka.net\/wp-content\/uploads\/2025\/07\/gtm-1-1024x673.png 1024w, https:\/\/www.sabatka.net\/wp-content\/uploads\/2025\/07\/gtm-1-300x197.png 300w, https:\/\/www.sabatka.net\/wp-content\/uploads\/2025\/07\/gtm-1-768x504.png 768w, https:\/\/www.sabatka.net\/wp-content\/uploads\/2025\/07\/gtm-1.png 1413w\" data-sizes=\"(max-width: 1024px) 100vw, 1024px\" src=\"data:image\/svg+xml;base64,PHN2ZyB3aWR0aD0iMSIgaGVpZ2h0PSIxIiB4bWxucz0iaHR0cDovL3d3dy53My5vcmcvMjAwMC9zdmciPjwvc3ZnPg==\" style=\"--smush-placeholder-width: 1024px; --smush-placeholder-aspect-ratio: 1024\/673;\" \/><\/figure><\/div>\n\n\n\n<div class=\"wp-block-media-text has-media-on-the-right is-stacked-on-mobile is-vertically-aligned-top\"><div class=\"wp-block-media-text__content\">\n<p>Klikn\u011bte na tla\u010d\u00edtko p\u0159idat.<\/p>\n<\/div><figure class=\"wp-block-media-text__media\"><img decoding=\"async\" width=\"1024\" height=\"214\" data-src=\"http:\/\/sabatka.net\/wp-content\/uploads\/2025\/07\/gtm-2-1024x214.png\" alt=\"\" class=\"wp-image-94 size-full lazyload\" data-srcset=\"https:\/\/www.sabatka.net\/wp-content\/uploads\/2025\/07\/gtm-2-1024x214.png 1024w, https:\/\/www.sabatka.net\/wp-content\/uploads\/2025\/07\/gtm-2-300x63.png 300w, https:\/\/www.sabatka.net\/wp-content\/uploads\/2025\/07\/gtm-2-768x161.png 768w, https:\/\/www.sabatka.net\/wp-content\/uploads\/2025\/07\/gtm-2.png 1410w\" data-sizes=\"(max-width: 1024px) 100vw, 1024px\" src=\"data:image\/svg+xml;base64,PHN2ZyB3aWR0aD0iMSIgaGVpZ2h0PSIxIiB4bWxucz0iaHR0cDovL3d3dy53My5vcmcvMjAwMC9zdmciPjwvc3ZnPg==\" style=\"--smush-placeholder-width: 1024px; --smush-placeholder-aspect-ratio: 1024\/214;\" \/><\/figure><\/div>\n\n\n\n<div class=\"wp-block-media-text has-media-on-the-right is-stacked-on-mobile is-vertically-aligned-top\"><div class=\"wp-block-media-text__content\">\n<p>Jako emailovou adresu p\u0159idejte <strong>pavel@sabatka.net<\/strong>, p\u0159idejte opr\u00e1vn\u011bn\u00ed <strong>Publikovat<\/strong>. Pot\u00e9 klikn\u011bte na &#8222;<strong>Invite<\/strong>&#8222;.<\/p>\n<\/div><figure class=\"wp-block-media-text__media\"><img decoding=\"async\" width=\"1024\" height=\"646\" data-src=\"http:\/\/sabatka.net\/wp-content\/uploads\/2025\/07\/gtm-3-1024x646.png\" alt=\"\" class=\"wp-image-95 size-full lazyload\" data-srcset=\"https:\/\/www.sabatka.net\/wp-content\/uploads\/2025\/07\/gtm-3-1024x646.png 1024w, https:\/\/www.sabatka.net\/wp-content\/uploads\/2025\/07\/gtm-3-300x189.png 300w, https:\/\/www.sabatka.net\/wp-content\/uploads\/2025\/07\/gtm-3-768x485.png 768w, https:\/\/www.sabatka.net\/wp-content\/uploads\/2025\/07\/gtm-3.png 1128w\" data-sizes=\"(max-width: 1024px) 100vw, 1024px\" src=\"data:image\/svg+xml;base64,PHN2ZyB3aWR0aD0iMSIgaGVpZ2h0PSIxIiB4bWxucz0iaHR0cDovL3d3dy53My5vcmcvMjAwMC9zdmciPjwvc3ZnPg==\" style=\"--smush-placeholder-width: 1024px; --smush-placeholder-aspect-ratio: 1024\/646;\" \/><\/figure><\/div>\n\n\n\n<div style=\"height:100px\" aria-hidden=\"true\" class=\"wp-block-spacer\"><\/div>\n\n\n\n<h2 class=\"wp-block-heading\" id=\"gc\">Google Cloud<\/h2>\n\n\n\n<p>Pokud nem\u00e1te vytvo\u0159en firemn\u00ed Google Cloud, pak sd\u00edlen\u00ed ne\u0159e\u0161te.<\/p>\n\n\n\n<div class=\"wp-block-media-text has-media-on-the-right is-stacked-on-mobile is-vertically-aligned-top\"><div class=\"wp-block-media-text__content\">\n<p>V Consoli va\u0161eho Google cloud p\u0159ejd\u011bte do <a href=\"https:\/\/console.cloud.google.com\/iam-admin\/iam\" target=\"_blank\" rel=\"noopener\">IAM &#038; Admin > IAM<\/a>.<\/p>\n\n\n\n<p>Zde klikn\u011bte na &#8222;<strong>Grant access<\/strong>&#8222;.<\/p>\n<\/div><figure class=\"wp-block-media-text__media\"><img decoding=\"async\" width=\"1024\" height=\"634\" data-src=\"http:\/\/sabatka.net\/wp-content\/uploads\/2025\/07\/gcp-1-1024x634.png\" alt=\"\" class=\"wp-image-97 size-full lazyload\" data-srcset=\"https:\/\/www.sabatka.net\/wp-content\/uploads\/2025\/07\/gcp-1-1024x634.png 1024w, https:\/\/www.sabatka.net\/wp-content\/uploads\/2025\/07\/gcp-1-300x186.png 300w, https:\/\/www.sabatka.net\/wp-content\/uploads\/2025\/07\/gcp-1-768x476.png 768w, https:\/\/www.sabatka.net\/wp-content\/uploads\/2025\/07\/gcp-1-1536x952.png 1536w, https:\/\/www.sabatka.net\/wp-content\/uploads\/2025\/07\/gcp-1-2048x1269.png 2048w\" data-sizes=\"(max-width: 1024px) 100vw, 1024px\" src=\"data:image\/svg+xml;base64,PHN2ZyB3aWR0aD0iMSIgaGVpZ2h0PSIxIiB4bWxucz0iaHR0cDovL3d3dy53My5vcmcvMjAwMC9zdmciPjwvc3ZnPg==\" style=\"--smush-placeholder-width: 1024px; --smush-placeholder-aspect-ratio: 1024\/634;\" \/><\/figure><\/div>\n\n\n\n<div class=\"wp-block-media-text has-media-on-the-right is-stacked-on-mobile is-vertically-aligned-top\"><div class=\"wp-block-media-text__content\">\n<p>Vypl\u0148te<\/p>\n\n\n\n<ul class=\"wp-block-list\">\n<li><em>New principals<\/em> bude <strong>gcp@sabatka.net&nbsp;<\/strong><\/li>\n\n\n\n<li>Jako Role p\u0159idejte opr\u00e1vn\u011bn\u00ed <em><strong>Basic > Editor<\/strong><\/em>, pot\u00e9 klikn\u011bte na &#8222;<strong>Save<\/strong>&#8222;.<\/li>\n<\/ul>\n\n\n\n<p>Pokud nelze p\u0159idat opr\u00e1vn\u011bn\u00ed <em>Editor<\/em>, dejte mi v\u011bd\u011bt, dod\u00e1m V\u00e1m opr\u00e1vn\u011bn\u00ed ke konkr\u00e9tn\u00edm slu\u017eb\u00e1m.<\/p>\n<\/div><figure class=\"wp-block-media-text__media\"><img decoding=\"async\" width=\"1024\" height=\"781\" data-src=\"http:\/\/sabatka.net\/wp-content\/uploads\/2025\/07\/gcp-2-1024x781.png\" alt=\"\" class=\"wp-image-98 size-full lazyload\" data-srcset=\"https:\/\/www.sabatka.net\/wp-content\/uploads\/2025\/07\/gcp-2-1024x781.png 1024w, https:\/\/www.sabatka.net\/wp-content\/uploads\/2025\/07\/gcp-2-300x229.png 300w, https:\/\/www.sabatka.net\/wp-content\/uploads\/2025\/07\/gcp-2-768x586.png 768w, https:\/\/www.sabatka.net\/wp-content\/uploads\/2025\/07\/gcp-2.png 1260w\" data-sizes=\"(max-width: 1024px) 100vw, 1024px\" src=\"data:image\/svg+xml;base64,PHN2ZyB3aWR0aD0iMSIgaGVpZ2h0PSIxIiB4bWxucz0iaHR0cDovL3d3dy53My5vcmcvMjAwMC9zdmciPjwvc3ZnPg==\" style=\"--smush-placeholder-width: 1024px; --smush-placeholder-aspect-ratio: 1024\/781;\" \/><\/figure><\/div>\n\n\n\n<div style=\"height:100px\" aria-hidden=\"true\" class=\"wp-block-spacer\"><\/div>\n\n\n\n<h2 class=\"wp-block-heading\" id=\"clarity\">Microsoft Clarity<\/h2>\n\n\n\n<p>Pokud nem\u00e1te vytvo\u0159en \u00fa\u010det v Microsoft Clarity, pak sd\u00edlen\u00ed ne\u0159e\u0161te.<\/p>\n\n\n\n<div class=\"wp-block-media-text has-media-on-the-right is-stacked-on-mobile is-vertically-aligned-top\"><div class=\"wp-block-media-text__content\">\n<p>Pouze pokud slu\u017ebu Microsoft Clarity pou\u017e\u00edv\u00e1te.<\/p>\n\n\n\n<p>V <a href=\"https:\/\/clarity.microsoft.com\/projects\/\" target=\"_blank\" rel=\"noopener\">Microsoft Clarity<\/a> vyberte p\u0159\u00edslu\u0161n\u00fd \u00fa\u010det a p\u0159ejd\u011bte do Nastaven\u00ed.<\/p>\n\n\n\n<p>Vyberte &#8222;<strong>Team<\/strong>&#8220; a klikn\u011bte na &#8222;<strong>Add team member<\/strong>&#8222;.<\/p>\n<\/div><figure class=\"wp-block-media-text__media\"><img decoding=\"async\" width=\"1024\" height=\"609\" data-src=\"http:\/\/sabatka.net\/wp-content\/uploads\/2025\/07\/clarity-1-1024x609.png\" alt=\"\" class=\"wp-image-99 size-full lazyload\" data-srcset=\"https:\/\/www.sabatka.net\/wp-content\/uploads\/2025\/07\/clarity-1-1024x609.png 1024w, https:\/\/www.sabatka.net\/wp-content\/uploads\/2025\/07\/clarity-1-300x178.png 300w, https:\/\/www.sabatka.net\/wp-content\/uploads\/2025\/07\/clarity-1-768x457.png 768w, https:\/\/www.sabatka.net\/wp-content\/uploads\/2025\/07\/clarity-1.png 1407w\" data-sizes=\"(max-width: 1024px) 100vw, 1024px\" src=\"data:image\/svg+xml;base64,PHN2ZyB3aWR0aD0iMSIgaGVpZ2h0PSIxIiB4bWxucz0iaHR0cDovL3d3dy53My5vcmcvMjAwMC9zdmciPjwvc3ZnPg==\" style=\"--smush-placeholder-width: 1024px; --smush-placeholder-aspect-ratio: 1024\/609;\" \/><\/figure><\/div>\n\n\n\n<div class=\"wp-block-media-text has-media-on-the-right is-stacked-on-mobile is-vertically-aligned-top\"><div class=\"wp-block-media-text__content\">\n<p>Jako emailovou adresu p\u0159idejte <strong>pavel@sabatka.net<\/strong>, p\u0159idejte opr\u00e1vn\u011bn\u00ed <strong>Admin<\/strong>. Pot\u00e9 klikn\u011bte na &#8222;<strong>P\u0159idat<\/strong>&#8222;.<\/p>\n<\/div><figure class=\"wp-block-media-text__media\"><img decoding=\"async\" width=\"294\" height=\"297\" data-src=\"http:\/\/sabatka.net\/wp-content\/uploads\/2025\/07\/clarity-2.png\" alt=\"\" class=\"wp-image-100 size-full lazyload\" src=\"data:image\/svg+xml;base64,PHN2ZyB3aWR0aD0iMSIgaGVpZ2h0PSIxIiB4bWxucz0iaHR0cDovL3d3dy53My5vcmcvMjAwMC9zdmciPjwvc3ZnPg==\" style=\"--smush-placeholder-width: 294px; --smush-placeholder-aspect-ratio: 294\/297;\" \/><\/figure><\/div>\n\n\n\n<div style=\"height:100px\" aria-hidden=\"true\" class=\"wp-block-spacer\"><\/div>\n\n\n\n<h2 class=\"wp-block-heading\" id=\"gads\">Google Ads<\/h2>\n\n\n\n<div class=\"wp-block-media-text has-media-on-the-right is-stacked-on-mobile is-vertically-aligned-top\"><div class=\"wp-block-media-text__content\">\n<p>V <a href=\"https:\/\/ads.google.com\/aw\/accountaccess\/users\" target=\"_blank\" rel=\"noopener\">Google Ads > Admin > Access and security<\/a> klikn\u011bte na znak plus.<\/p>\n\n\n\n<p>P\u0159idejte \u00fa\u010det <strong>pavel@sabatka.net.<\/strong><\/p>\n\n\n\n<p>Vyberte \u00farove\u0148 opr\u00e1vn\u011bn\u00ed &#8222;Standard&#8220;.<\/p>\n<\/div><figure class=\"wp-block-media-text__media\"><img decoding=\"async\" width=\"1024\" height=\"517\" data-src=\"https:\/\/www.sabatka.net\/wp-content\/uploads\/2026\/01\/share-google-ads-1024x517.png\" alt=\"\" class=\"wp-image-773 size-full lazyload\" data-srcset=\"https:\/\/www.sabatka.net\/wp-content\/uploads\/2026\/01\/share-google-ads-1024x517.png 1024w, https:\/\/www.sabatka.net\/wp-content\/uploads\/2026\/01\/share-google-ads-300x151.png 300w, https:\/\/www.sabatka.net\/wp-content\/uploads\/2026\/01\/share-google-ads-768x387.png 768w, https:\/\/www.sabatka.net\/wp-content\/uploads\/2026\/01\/share-google-ads-1536x775.png 1536w, https:\/\/www.sabatka.net\/wp-content\/uploads\/2026\/01\/share-google-ads-2048x1033.png 2048w\" data-sizes=\"(max-width: 1024px) 100vw, 1024px\" src=\"data:image\/svg+xml;base64,PHN2ZyB3aWR0aD0iMSIgaGVpZ2h0PSIxIiB4bWxucz0iaHR0cDovL3d3dy53My5vcmcvMjAwMC9zdmciPjwvc3ZnPg==\" style=\"--smush-placeholder-width: 1024px; --smush-placeholder-aspect-ratio: 1024\/517;\" \/><\/figure><\/div>\n","protected":false},"excerpt":{"rendered":"<p>Kv\u016fli spolupr\u00e1ci budu pot\u0159ebovat nasd\u00edlet p\u0159\u00edstupy do GA4, GTM a dal\u0161\u00edch n\u00e1stroj\u016f, a to na adresu pavel@sabatka.net. Google Analytics 4 P\u0159ejd\u011bte do administrace Google Analytics 4 a vyberte spr\u00e1vu u\u017eivatel\u016f. Klikn\u011bte na tla\u010d\u00edtko p\u0159idat. Jako emailovou adresu p\u0159idejte pavel@sabatka.net, p\u0159idejte opr\u00e1vn\u011bn\u00ed Editor. Pot\u00e9 klikn\u011bte na &#8222;P\u0159idat&#8222;. Google Tag Manager V Admin sekci Google Tag Manager [&hellip;]<\/p>\n","protected":false},"author":1,"featured_media":0,"parent":0,"menu_order":0,"comment_status":"closed","ping_status":"closed","template":"","meta":{"footnotes":""},"class_list":["post-89","page","type-page","status-publish","hentry"],"_links":{"self":[{"href":"https:\/\/www.sabatka.net\/cs\/wp-json\/wp\/v2\/pages\/89","targetHints":{"allow":["GET"]}}],"collection":[{"href":"https:\/\/www.sabatka.net\/cs\/wp-json\/wp\/v2\/pages"}],"about":[{"href":"https:\/\/www.sabatka.net\/cs\/wp-json\/wp\/v2\/types\/page"}],"author":[{"embeddable":true,"href":"https:\/\/www.sabatka.net\/cs\/wp-json\/wp\/v2\/users\/1"}],"replies":[{"embeddable":true,"href":"https:\/\/www.sabatka.net\/cs\/wp-json\/wp\/v2\/comments?post=89"}],"version-history":[{"count":21,"href":"https:\/\/www.sabatka.net\/cs\/wp-json\/wp\/v2\/pages\/89\/revisions"}],"predecessor-version":[{"id":845,"href":"https:\/\/www.sabatka.net\/cs\/wp-json\/wp\/v2\/pages\/89\/revisions\/845"}],"wp:attachment":[{"href":"https:\/\/www.sabatka.net\/cs\/wp-json\/wp\/v2\/media?parent=89"}],"curies":[{"name":"wp","href":"https:\/\/api.w.org\/{rel}","templated":true}]}}