{"id":419,"date":"2025-10-08T14:13:24","date_gmt":"2025-10-08T12:13:24","guid":{"rendered":"https:\/\/www.sabatka.net\/cs\/?page_id=419"},"modified":"2025-10-08T14:25:01","modified_gmt":"2025-10-08T12:25:01","slug":"cenik","status":"publish","type":"page","link":"https:\/\/www.sabatka.net\/en\/cenik\/","title":{"rendered":"Cen\u00edk"},"content":{"rendered":"\n<p>Chcete-li <a href=\"https:\/\/www.sabatka.net\/cs\/sluzby\/\" data-type=\"link\" data-id=\"https:\/\/www.sabatka.net\/cs\/sluzby\/\">pomoct s digit\u00e1ln\u00ed analytikou<\/a>, m\u016f\u017eete si vybrat z n\u011bkolika r\u016fzn\u00fdch tarif\u016f.<\/p>\n\n\n\n<div style=\"height:100px\" aria-hidden=\"true\" class=\"wp-block-spacer\"><\/div>\n\n\n\n<h3 class=\"wp-block-heading\">M\u011bs\u00ed\u010dn\u00ed tarif<\/h3>\n\n\n\n<p>Po\u010d\u00edt\u00e1m s minim\u00e1ln\u00edm m\u011bs\u00ed\u010dn\u00edm odb\u011brem hodin (minim\u00e1ln\u011b v\u0161ak 8 hodin \/ m\u011bs\u00edc).<br>Jednotliv\u00e9 time-logy budou zaokrouhlov\u00e1ny na 0,1 hodiny nahoru.<\/p>\n\n\n\n<p><strong>Hodinov\u00e1 sazba  2 500 K\u010d \/ hod bez DPH<\/strong><\/p>\n\n\n\n<div style=\"height:100px\" aria-hidden=\"true\" class=\"wp-block-spacer\"><\/div>\n\n\n\n<h3 class=\"wp-block-heading\">Drobnosti, urgentn\u00ed v\u011bci<\/h3>\n\n\n\n<p>Cenu \u00fa\u010dtuji v p\u0159\u00edpadech:<\/p>\n\n\n\n<ul class=\"wp-block-list\">\n<li>Drobn\u00e9 pr\u00e1ce a konzultace &#8211; pot\u0159ebujete opravit n\u011bco drobn\u00e9ho nebo prokonzultovat, zabere to do 4 hodin.<\/li>\n\n\n\n<li>Urgentn\u00ed v\u011bci &#8211; nap\u0159. z\u00edtra spou\u0161t\u00edte web a dnes pot\u0159ebujete urgentn\u011b nastavit m\u011b\u0159en\u00ed.<br><\/li>\n<\/ul>\n\n\n\n<p>Jednotliv\u00e9 time-logy budou zaokrouhlov\u00e1ny na 0,1 hodiny nahoru.<\/p>\n\n\n\n<p><strong>Hodinov\u00e1 sazba 2 950 K\u010d \/ hod bez DPH<\/strong><\/p>\n\n\n\n<div style=\"height:100px\" aria-hidden=\"true\" class=\"wp-block-spacer\"><\/div>\n\n\n\n<h3 class=\"wp-block-heading\">Zak\u00e1zka<\/h3>\n\n\n\n<p>Pro pr\u00e1ce nad 1 MD V\u00e1m mohu zaslat nab\u00eddku.<\/p>\n\n\n\n<div style=\"height:100px\" aria-hidden=\"true\" class=\"wp-block-spacer\"><\/div>\n\n\n\n<p>Pot\u0159ebujete pomoct s digit\u00e1ln\u00ed analytikou?<\/p>\n\n\n\n<div class=\"wp-block-buttons is-layout-flex wp-block-buttons-is-layout-flex\">\n<div class=\"wp-block-button\"><a class=\"wp-block-button__link wp-element-button\" href=\"https:\/\/www.sabatka.net\/cs\/kontakt\/\">Napi\u0161te mi<\/a><\/div>\n<\/div>\n\n\n\n<div style=\"height:100px\" aria-hidden=\"true\" class=\"wp-block-spacer\"><\/div>\n\n\n\n<h2 class=\"wp-block-heading\">Podm\u00ednky spolupr\u00e1ce<\/h2>\n\n\n\n<p>Spolupr\u00e1ce bude \u0159\u00edzena <a href=\"https:\/\/www.sabatka.net\/cs\/podminky-spoluprace\/\">podm\u00ednkami spolupr\u00e1ce<\/a>. Odshoulasen\u00edm nab\u00eddky potvrzujete, \u017ee jste se s nimi sezn\u00e1mil\/a a \u017ee s nimi souhlas\u00edte.<\/p>\n\n\n\n<p>Ve\u0161ker\u00e9 ceny zde uv\u00e1d\u011bn\u00e9 jsou bez DPH.<\/p>\n\n\n\n<p>V kalkulac\u00edch jsou uv\u00e1d\u011bny v\u017edy pouze m\u00e9 \u010dasy. V n\u011bkter\u00fdch p\u0159\u00edpadech mohou b\u00fdt t\u0159eba i pr\u00e1ce va\u0161eho program\u00e1tora nebo pr\u00e1vn\u00edk\u016f &#8211; ty nejsou v nab\u00eddce zahrnuty.<\/p>\n\n\n\n<div style=\"height:100px\" aria-hidden=\"true\" class=\"wp-block-spacer\"><\/div>\n\n\n\n<h2 class=\"wp-block-heading\">Reference<\/h2>\n\n\n\n<div class=\"wp-block-columns is-layout-flex wp-container-core-columns-is-layout-28f84493 wp-block-columns-is-layout-flex\">\n<div class=\"wp-block-column is-layout-flow wp-block-column-is-layout-flow\">\n<figure class=\"wp-block-image size-full\"><img decoding=\"async\" width=\"294\" height=\"294\" data-src=\"https:\/\/www.sabatka.net\/wp-content\/uploads\/2025\/07\/knihy-dobrovsky.png\" alt=\"\" class=\"wp-image-167 lazyload\" style=\"--smush-placeholder-width: 294px; --smush-placeholder-aspect-ratio: 294\/294;object-fit:cover\" data-srcset=\"https:\/\/www.sabatka.net\/wp-content\/uploads\/2025\/07\/knihy-dobrovsky.png 294w, https:\/\/www.sabatka.net\/wp-content\/uploads\/2025\/07\/knihy-dobrovsky-150x150.png 150w\" data-sizes=\"(max-width: 294px) 100vw, 294px\" src=\"data:image\/svg+xml;base64,PHN2ZyB3aWR0aD0iMSIgaGVpZ2h0PSIxIiB4bWxucz0iaHR0cDovL3d3dy53My5vcmcvMjAwMC9zdmciPjwvc3ZnPg==\" \/><\/figure>\n\n\n\n<p>Kompletn\u00ed spr\u00e1va m\u011b\u0159ic\u00edch a marketignov\u00fdch k\u00f3d\u016f, konzultace<\/p>\n<\/div>\n\n\n\n<div class=\"wp-block-column is-layout-flow wp-block-column-is-layout-flow\">\n<figure class=\"wp-block-image size-full\"><img decoding=\"async\" width=\"300\" height=\"300\" data-src=\"https:\/\/www.sabatka.net\/wp-content\/uploads\/2025\/07\/konica-minolta-3.png\" alt=\"\" class=\"wp-image-172 lazyload\" style=\"--smush-placeholder-width: 300px; --smush-placeholder-aspect-ratio: 300\/300;object-fit:cover\" data-srcset=\"https:\/\/www.sabatka.net\/wp-content\/uploads\/2025\/07\/konica-minolta-3.png 300w, https:\/\/www.sabatka.net\/wp-content\/uploads\/2025\/07\/konica-minolta-3-150x150.png 150w\" data-sizes=\"(max-width: 300px) 100vw, 300px\" src=\"data:image\/svg+xml;base64,PHN2ZyB3aWR0aD0iMSIgaGVpZ2h0PSIxIiB4bWxucz0iaHR0cDovL3d3dy53My5vcmcvMjAwMC9zdmciPjwvc3ZnPg==\" \/><\/figure>\n\n\n\n<p>Spr\u00e1va m\u011b\u0159en\u00ed na webech v EU, spolupr\u00e1ce na UX \u00faprav\u00e1ch web\u016f<\/p>\n<\/div>\n\n\n\n<div class=\"wp-block-column is-layout-flow wp-block-column-is-layout-flow\">\n<figure class=\"wp-block-image size-full\"><img decoding=\"async\" width=\"300\" height=\"300\" data-src=\"https:\/\/www.sabatka.net\/wp-content\/uploads\/2025\/07\/notino-3.png\" alt=\"\" class=\"wp-image-180 lazyload\" data-srcset=\"https:\/\/www.sabatka.net\/wp-content\/uploads\/2025\/07\/notino-3.png 300w, https:\/\/www.sabatka.net\/wp-content\/uploads\/2025\/07\/notino-3-150x150.png 150w\" data-sizes=\"(max-width: 300px) 100vw, 300px\" src=\"data:image\/svg+xml;base64,PHN2ZyB3aWR0aD0iMSIgaGVpZ2h0PSIxIiB4bWxucz0iaHR0cDovL3d3dy53My5vcmcvMjAwMC9zdmciPjwvc3ZnPg==\" style=\"--smush-placeholder-width: 300px; --smush-placeholder-aspect-ratio: 300\/300;\" \/><\/figure>\n\n\n\n<p>Konzultace ohledn\u011b GDPR, CMP, nastaven\u00ed m\u011b\u0159en\u00ed<\/p>\n<\/div>\n<\/div>\n\n\n\n<div class=\"wp-block-columns is-layout-flex wp-container-core-columns-is-layout-28f84493 wp-block-columns-is-layout-flex\">\n<div class=\"wp-block-column is-layout-flow wp-block-column-is-layout-flow\">\n<figure class=\"wp-block-image size-full\"><img decoding=\"async\" width=\"300\" height=\"300\" data-src=\"https:\/\/www.sabatka.net\/wp-content\/uploads\/2025\/07\/tsbohemia-2.jpg\" alt=\"\" class=\"wp-image-176 lazyload\" style=\"--smush-placeholder-width: 300px; --smush-placeholder-aspect-ratio: 300\/300;object-fit:cover\" data-srcset=\"https:\/\/www.sabatka.net\/wp-content\/uploads\/2025\/07\/tsbohemia-2.jpg 300w, https:\/\/www.sabatka.net\/wp-content\/uploads\/2025\/07\/tsbohemia-2-150x150.jpg 150w\" data-sizes=\"(max-width: 300px) 100vw, 300px\" src=\"data:image\/svg+xml;base64,PHN2ZyB3aWR0aD0iMSIgaGVpZ2h0PSIxIiB4bWxucz0iaHR0cDovL3d3dy53My5vcmcvMjAwMC9zdmciPjwvc3ZnPg==\" \/><\/figure>\n\n\n\n<p>N\u00e1vrh m\u011b\u0159en\u00ed a spr\u00e1va m\u011b\u0159ic\u00edch a marketingov\u00fdch k\u00f3d\u016f<\/p>\n<\/div>\n\n\n\n<div class=\"wp-block-column is-layout-flow wp-block-column-is-layout-flow\">\n<figure class=\"wp-block-image size-full\"><img decoding=\"async\" width=\"300\" height=\"300\" data-src=\"https:\/\/www.sabatka.net\/wp-content\/uploads\/2025\/07\/vut-2.png\" alt=\"\" class=\"wp-image-174 lazyload\" style=\"--smush-placeholder-width: 300px; --smush-placeholder-aspect-ratio: 300\/300;object-fit:cover\" data-srcset=\"https:\/\/www.sabatka.net\/wp-content\/uploads\/2025\/07\/vut-2.png 300w, https:\/\/www.sabatka.net\/wp-content\/uploads\/2025\/07\/vut-2-150x150.png 150w\" data-sizes=\"(max-width: 300px) 100vw, 300px\" src=\"data:image\/svg+xml;base64,PHN2ZyB3aWR0aD0iMSIgaGVpZ2h0PSIxIiB4bWxucz0iaHR0cDovL3d3dy53My5vcmcvMjAwMC9zdmciPjwvc3ZnPg==\" \/><\/figure>\n\n\n\n<p>Strategie a nastaven\u00ed m\u011b\u0159en\u00ed na fakultn\u00edch webech VUT<\/p>\n<\/div>\n\n\n\n<div class=\"wp-block-column is-layout-flow wp-block-column-is-layout-flow\">\n<figure class=\"wp-block-image size-full\"><img decoding=\"async\" width=\"300\" height=\"300\" data-src=\"https:\/\/www.sabatka.net\/wp-content\/uploads\/2025\/07\/cookienovo.png\" alt=\"\" class=\"wp-image-177 lazyload\" data-srcset=\"https:\/\/www.sabatka.net\/wp-content\/uploads\/2025\/07\/cookienovo.png 300w, https:\/\/www.sabatka.net\/wp-content\/uploads\/2025\/07\/cookienovo-150x150.png 150w\" data-sizes=\"(max-width: 300px) 100vw, 300px\" src=\"data:image\/svg+xml;base64,PHN2ZyB3aWR0aD0iMSIgaGVpZ2h0PSIxIiB4bWxucz0iaHR0cDovL3d3dy53My5vcmcvMjAwMC9zdmciPjwvc3ZnPg==\" style=\"--smush-placeholder-width: 300px; --smush-placeholder-aspect-ratio: 300\/300;\" \/><\/figure>\n\n\n\n<p>Implementace \u0161ablony pro GTM pro CMP Cookienovo<\/p>\n<\/div>\n<\/div>\n","protected":false},"excerpt":{"rendered":"<p>Chcete-li pomoct s digit\u00e1ln\u00ed analytikou, m\u016f\u017eete si vybrat z n\u011bkolika r\u016fzn\u00fdch tarif\u016f. M\u011bs\u00ed\u010dn\u00ed tarif Po\u010d\u00edt\u00e1m s minim\u00e1ln\u00edm m\u011bs\u00ed\u010dn\u00edm odb\u011brem hodin (minim\u00e1ln\u011b v\u0161ak 8 hodin \/ m\u011bs\u00edc).Jednotliv\u00e9 time-logy budou zaokrouhlov\u00e1ny na 0,1 hodiny nahoru. Hodinov\u00e1 sazba 2 500 K\u010d \/ hod bez DPH Drobnosti, urgentn\u00ed v\u011bci Cenu \u00fa\u010dtuji v p\u0159\u00edpadech: Jednotliv\u00e9 time-logy budou zaokrouhlov\u00e1ny na 0,1 [&hellip;]<\/p>\n","protected":false},"author":1,"featured_media":0,"parent":0,"menu_order":0,"comment_status":"closed","ping_status":"closed","template":"","meta":{"footnotes":""},"class_list":["post-419","page","type-page","status-publish","hentry"],"_links":{"self":[{"href":"https:\/\/www.sabatka.net\/en\/wp-json\/wp\/v2\/pages\/419","targetHints":{"allow":["GET"]}}],"collection":[{"href":"https:\/\/www.sabatka.net\/en\/wp-json\/wp\/v2\/pages"}],"about":[{"href":"https:\/\/www.sabatka.net\/en\/wp-json\/wp\/v2\/types\/page"}],"author":[{"embeddable":true,"href":"https:\/\/www.sabatka.net\/en\/wp-json\/wp\/v2\/users\/1"}],"replies":[{"embeddable":true,"href":"https:\/\/www.sabatka.net\/en\/wp-json\/wp\/v2\/comments?post=419"}],"version-history":[{"count":6,"href":"https:\/\/www.sabatka.net\/en\/wp-json\/wp\/v2\/pages\/419\/revisions"}],"predecessor-version":[{"id":428,"href":"https:\/\/www.sabatka.net\/en\/wp-json\/wp\/v2\/pages\/419\/revisions\/428"}],"wp:attachment":[{"href":"https:\/\/www.sabatka.net\/en\/wp-json\/wp\/v2\/media?parent=419"}],"curies":[{"name":"wp","href":"https:\/\/api.w.org\/{rel}","templated":true}]}}