{"id":595,"date":"2025-12-03T10:02:41","date_gmt":"2025-12-03T08:02:41","guid":{"rendered":"https:\/\/www.sabatka.net\/cs\/?page_id=595"},"modified":"2026-04-23T11:07:11","modified_gmt":"2026-04-23T09:07:11","slug":"seznam-sem-gtm-template","status":"publish","type":"page","link":"https:\/\/www.sabatka.net\/en\/seznam-sem-gtm-template\/","title":{"rendered":"GTM template for Seznam Event Measurement (SEM)"},"content":{"rendered":"\n<h2 class=\"wp-block-heading\">About the template<\/h2>\n\n\n\n<p>The template handles Seznam SEM measurements.<\/p>\n\n\n\n<p>Seznam SEM is not compatible with Sklik measurements prior to 2026. To use SEM, you must first migrate your Sklik account to SEM. Only then can you generate an SEM ID in the administration.<\/p>\n\n\n\n<div style=\"height:20px\" aria-hidden=\"true\" class=\"wp-block-spacer\"><\/div>\n\n\n\n<h3 class=\"wp-block-heading\">Official SEM documentation<\/h3>\n\n\n\n<ul class=\"wp-block-list\">\n<li>About <a href=\"https:\/\/napoveda.sklik.cz\/merici-skripty\/seznam-event-measurement\/\" data-type=\"link\" data-id=\"https:\/\/napoveda.sklik.cz\/merici-skripty\/seznam-event-measurement\/\" target=\"_blank\" rel=\"noopener\">Seznam SEM<\/a><\/li>\n\n\n\n<li><a href=\"https:\/\/napoveda.sklik.cz\/merici-skripty\/seznam-event-measurement\/reference-udalosti\/\" data-type=\"link\" data-id=\"https:\/\/napoveda.sklik.cz\/merici-skripty\/seznam-event-measurement\/reference-udalosti\/\" target=\"_blank\" rel=\"noopener\">Reference<\/a><\/li>\n<\/ul>\n\n\n\n<div style=\"height:50px\" aria-hidden=\"true\" class=\"wp-block-spacer\"><\/div>\n\n\n\n<h2 class=\"wp-block-heading\">Settings<\/h2>\n\n\n\n<figure class=\"wp-block-image size-large\"><img decoding=\"async\" width=\"1024\" height=\"746\" data-src=\"https:\/\/www.sabatka.net\/wp-content\/uploads\/2025\/12\/seznam-sem-1024x746.png\" alt=\"\" class=\"wp-image-701 lazyload\" data-srcset=\"https:\/\/www.sabatka.net\/wp-content\/uploads\/2025\/12\/seznam-sem-1024x746.png 1024w, https:\/\/www.sabatka.net\/wp-content\/uploads\/2025\/12\/seznam-sem-300x219.png 300w, https:\/\/www.sabatka.net\/wp-content\/uploads\/2025\/12\/seznam-sem-768x560.png 768w, https:\/\/www.sabatka.net\/wp-content\/uploads\/2025\/12\/seznam-sem.png 1372w\" data-sizes=\"(max-width: 1024px) 100vw, 1024px\" src=\"data:image\/svg+xml;base64,PHN2ZyB3aWR0aD0iMSIgaGVpZ2h0PSIxIiB4bWxucz0iaHR0cDovL3d3dy53My5vcmcvMjAwMC9zdmciPjwvc3ZnPg==\" style=\"--smush-placeholder-width: 1024px; --smush-placeholder-aspect-ratio: 1024\/746;\" \/><\/figure>\n\n\n\n<div style=\"height:30px\" aria-hidden=\"true\" class=\"wp-block-spacer\"><\/div>\n\n\n\n<h3 class=\"wp-block-heading\">Mandatory data<\/h3>\n\n\n\n<ul class=\"wp-block-list\">\n<li><strong>Seznam ID<\/strong> &#8211; measurement ID that you can generate in the Sklik administration.<br>If you do not have a Sklik account migrated to SEM, you cannot generate this value.<\/li>\n\n\n\n<li><strong>Event Name<\/strong> &#8211; event type, e.g., PageView, etc.<br>Depending on the event type, different data may be required.<br>SEM does not currently allow you to send your own events, but this will likely be possible in 2027.<\/li>\n<\/ul>\n\n\n\n<h4 class=\"wp-block-heading is-style-text-subtitle is-style-text-subtitle--1\" id=\"kde-vzit-sem-id\">Where to get a Seznam ID<\/h4>\n\n\n\n<p>In the <a href=\"https:\/\/www.sklik.cz\/settings\" data-type=\"link\" data-id=\"https:\/\/www.sklik.cz\/settings\" target=\"_blank\" rel=\"noopener\">Sklik administration, go to settings<\/a>.<\/p>\n\n\n\n<figure class=\"wp-block-image size-large\"><img decoding=\"async\" width=\"1024\" height=\"497\" data-src=\"https:\/\/www.sabatka.net\/wp-content\/uploads\/2026\/02\/sem-id-1-1024x497.png\" alt=\"\" class=\"wp-image-811 lazyload\" data-srcset=\"https:\/\/www.sabatka.net\/wp-content\/uploads\/2026\/02\/sem-id-1-1024x497.png 1024w, https:\/\/www.sabatka.net\/wp-content\/uploads\/2026\/02\/sem-id-1-300x146.png 300w, https:\/\/www.sabatka.net\/wp-content\/uploads\/2026\/02\/sem-id-1-768x373.png 768w, https:\/\/www.sabatka.net\/wp-content\/uploads\/2026\/02\/sem-id-1-1536x746.png 1536w, https:\/\/www.sabatka.net\/wp-content\/uploads\/2026\/02\/sem-id-1.png 1879w\" data-sizes=\"(max-width: 1024px) 100vw, 1024px\" src=\"data:image\/svg+xml;base64,PHN2ZyB3aWR0aD0iMSIgaGVpZ2h0PSIxIiB4bWxucz0iaHR0cDovL3d3dy53My5vcmcvMjAwMC9zdmciPjwvc3ZnPg==\" style=\"--smush-placeholder-width: 1024px; --smush-placeholder-aspect-ratio: 1024\/497;\" \/><\/figure>\n\n\n\n<p>In the &#8220;Measurement Management&#8221; section, you will find the SEM ID, which you can copy to the clipboard and use.<\/p>\n\n\n\n<figure class=\"wp-block-image size-large\"><img decoding=\"async\" width=\"1024\" height=\"220\" data-src=\"https:\/\/www.sabatka.net\/wp-content\/uploads\/2026\/02\/sem-id-2-1-1024x220.png\" alt=\"\" class=\"wp-image-813 lazyload\" data-srcset=\"https:\/\/www.sabatka.net\/wp-content\/uploads\/2026\/02\/sem-id-2-1-1024x220.png 1024w, https:\/\/www.sabatka.net\/wp-content\/uploads\/2026\/02\/sem-id-2-1-300x64.png 300w, https:\/\/www.sabatka.net\/wp-content\/uploads\/2026\/02\/sem-id-2-1-768x165.png 768w, https:\/\/www.sabatka.net\/wp-content\/uploads\/2026\/02\/sem-id-2-1-1536x330.png 1536w, https:\/\/www.sabatka.net\/wp-content\/uploads\/2026\/02\/sem-id-2-1.png 1774w\" data-sizes=\"(max-width: 1024px) 100vw, 1024px\" src=\"data:image\/svg+xml;base64,PHN2ZyB3aWR0aD0iMSIgaGVpZ2h0PSIxIiB4bWxucz0iaHR0cDovL3d3dy53My5vcmcvMjAwMC9zdmciPjwvc3ZnPg==\" style=\"--smush-placeholder-width: 1024px; --smush-placeholder-aspect-ratio: 1024\/220;\" \/><\/figure>\n\n\n\n<blockquote class=\"wp-block-quote is-layout-flow wp-block-quote-is-layout-flow\">\n<p class=\"has-contrast-color has-text-color has-link-color wp-elements-b56be4102a0f31e7866680faae98c84e\"><strong>Please note<\/strong>: next to the &#8220;Copy&#8221; button, there is a &#8220;Show SEM code&#8221; button. <strong>Do not use this<\/strong>!<br>The code in &#8220;Show SEM code&#8221; contains the ID for a different library and cannot be uset as SEM ID!<\/p>\n<\/blockquote>\n\n\n\n<div style=\"height:30px\" aria-hidden=\"true\" class=\"wp-block-spacer\"><\/div>\n\n\n\n<h3 class=\"wp-block-heading\">Mandatory data for specific events<\/h3>\n\n\n\n<p>The fields for entering values will appear when you select the Event Name for which they are relevant.<\/p>\n\n\n\n<ul class=\"wp-block-list\">\n<li><strong>User<\/strong> &#8211; a user object that has attributes such as email, phone, etc. See below for exact specifications.<br>Relevant for <code>PageView <\/code>and <code>UserDataUpdate <\/code>events.<\/li>\n\n\n\n<li><strong>Products <\/strong>&#8211; a field of products related to the event. For example, for Purchase, these are purchased products, for Search, these are products found in a search, for AddToCart, these are products added to the cart, and for ViewContent, this is a field of displayed products.<br>Each product can have an ID, name, category, price, and quantity in some\n<ul class=\"wp-block-list\">\n<li><a href=\"https:\/\/developers.google.com\/analytics\/devguides\/collection\/ga4\/ecommerce?client_type=gtag#implementation\" data-type=\"link\" data-id=\"https:\/\/developers.google.com\/analytics\/devguides\/collection\/ga4\/ecommerce?client_type=gtag#implementation\" target=\"_blank\" rel=\"noopener\">Google Ecommerce<\/a><\/li>\n\n\n\n<li>Shoptet<\/li>\n<\/ul>\n<\/li>\n\n\n\n<li><strong>Order<\/strong> &#8211; order object, in <a href=\"https:\/\/developers.google.com\/analytics\/devguides\/collection\/ga4\/set-up-ecommerce#add-event\" target=\"_blank\" rel=\"noopener\">Google Ecommerce<\/a> or Shoptet format.<\/li>\n\n\n\n<li><strong>Currency Code<\/strong> &#8211; three-digit currency code, e.g. CZK or EUR<\/li>\n\n\n\n<li><strong>Content Type<\/strong> &#8211; only for events of the &#8220;ViewContent&#8221; type. Values can be\n<ul class=\"wp-block-list\">\n<li>product &#8211; for displaying product details<\/li>\n\n\n\n<li>product_group &#8211; used on category pages or product lists<\/li>\n\n\n\n<li>page &#8211; for measuring content pages, e.g., blog articles<\/li>\n<\/ul>\n<\/li>\n\n\n\n<li><strong>Order<\/strong> &#8211; objekt objedn\u00e1vky, a to ve form\u00e1tu <a href=\"https:\/\/developers.google.com\/analytics\/devguides\/collection\/ga4\/set-up-ecommerce#add-event\" target=\"_blank\" rel=\"noopener\">Google Ecommerce<\/a> nebo Shoptet. <\/li>\n\n\n\n<li><strong>Currency Code<\/strong> &#8211; t\u0159\u00edm\u00edstn\u00fd k\u00f3d m\u011bny, nap\u0159. CZK nebo EUR<\/li>\n<\/ul>\n\n\n\n<div style=\"height:30px\" aria-hidden=\"true\" class=\"wp-block-spacer\"><\/div>\n\n\n\n<h3 class=\"wp-block-heading\">Optional parameters<\/h3>\n\n\n\n<ul class=\"wp-block-list\">\n<li><strong>Page URL<\/strong> &#8211; if you need to send a &#8220;virtual page URL&#8221;<\/li>\n\n\n\n<li><strong>Event ID <\/strong>&#8211; you must send this if you are using browser and server-to-server measurement.<br>Events are deduplicated based on the Event ID &#8211; the first event received is always counted.<br>Note: The template automatically generates an ID for the Purchase event (unless you enter your own). This allows transactions to be deduplicated.<\/li>\n\n\n\n<li><strong>Content Name<\/strong> &#8211; the name of the content. This makes sense, for example, for ViewContent on a blog article.<\/li>\n\n\n\n<li><strong>Page Category<\/strong> &#8211; page category.<\/li>\n\n\n\n<li><strong>Value<\/strong> &#8211; event value.<\/li>\n<\/ul>\n\n\n\n<div style=\"height:30px\" aria-hidden=\"true\" class=\"wp-block-spacer\"><\/div>\n\n\n\n<h3 class=\"wp-block-heading\">Custom parameters<\/h3>\n\n\n\n<p>If you need to enter your own values, you can enter them in key-value format according to the SEM documentation.<\/p>\n\n\n\n<figure class=\"wp-block-image size-large\"><img decoding=\"async\" width=\"1024\" height=\"239\" data-src=\"https:\/\/www.sabatka.net\/wp-content\/uploads\/2025\/12\/seznam-sem-custom-params-1024x239.png\" alt=\"\" class=\"wp-image-706 lazyload\" data-srcset=\"https:\/\/www.sabatka.net\/wp-content\/uploads\/2025\/12\/seznam-sem-custom-params-1024x239.png 1024w, https:\/\/www.sabatka.net\/wp-content\/uploads\/2025\/12\/seznam-sem-custom-params-300x70.png 300w, https:\/\/www.sabatka.net\/wp-content\/uploads\/2025\/12\/seznam-sem-custom-params-768x180.png 768w, https:\/\/www.sabatka.net\/wp-content\/uploads\/2025\/12\/seznam-sem-custom-params.png 1339w\" data-sizes=\"(max-width: 1024px) 100vw, 1024px\" src=\"data:image\/svg+xml;base64,PHN2ZyB3aWR0aD0iMSIgaGVpZ2h0PSIxIiB4bWxucz0iaHR0cDovL3d3dy53My5vcmcvMjAwMC9zdmciPjwvc3ZnPg==\" style=\"--smush-placeholder-width: 1024px; --smush-placeholder-aspect-ratio: 1024\/239;\" \/><\/figure>\n\n\n\n<div style=\"height:50px\" aria-hidden=\"true\" class=\"wp-block-spacer\"><\/div>\n\n\n\n<h2 class=\"wp-block-heading\">Transmitted data<\/h2>\n\n\n\n<h3 class=\"wp-block-heading\">User<\/h3>\n\n\n\n<p>It is passed with the PageView event. If the user&#8217;s status changes while the page is loading, call the &#8220;User Data Update&#8221; event after the change.<\/p>\n\n\n\n<p>Assumes an object in the shape of<\/p>\n\n\n\n<pre class=\"wp-block-code\"><code>{\n  email: 'harry@potter.net',\n  phone: '+420777111222',\n  first_name: 'Harry',\n  last_name: 'Potter',\n  gender: 'male',\n  city: 'Bristol',\n  street: 'Prived drive 4',\n  postal_code: 'BS13 9RN',\n  region: 'South West region',\n  country: 'Great Britain',\n  registered: true,\n  predicted_ltv: 9.75\n}<\/code><\/pre>\n\n\n\n<div style=\"height:30px\" aria-hidden=\"true\" class=\"wp-block-spacer\"><\/div>\n\n\n\n<h3 class=\"wp-block-heading\">Products<\/h3>\n\n\n\n<p>It always assumes a field of objects in the shape of Google Ecommerce or the shape used by Shoptet.<\/p>\n\n\n\n<pre class=\"wp-block-code\"><code>&#91;\n  {\n    item_id: \"SKU_12345\",\n    item_name: \"Stan and Friends Tee\",\n    discount: 2.22,\n    item_category: \"Apparel\",\n    item_category2: \"Adult\",\n    item_category3: \"Shirts\",\n    item_category4: \"Crew\",\n    item_category5: \"Short sleeve\",\n    price: 10.01,\n    quantity: 3\n  }\n]<\/code><\/pre>\n\n\n\n<div style=\"height:30px\" aria-hidden=\"true\" class=\"wp-block-spacer\"><\/div>\n\n\n\n<p>Order<\/p>\n\n\n\n<p>An order in the Google Ecommerce format or the format used by Shoptet is always assumed.<\/p>\n\n\n\n<pre class=\"wp-block-code\"><code>{\n  transaction_id: \"T_12345_1\",\n  value: 30.03,\n  tax: 4.90,\n  shipping: 5.99,\n  currency: \"USD\",\n  coupon: \"SUMMER_SALE\",\n}<\/code><\/pre>\n\n\n\n<div style=\"height:50px\" aria-hidden=\"true\" class=\"wp-block-spacer\"><\/div>\n\n\n\n<h2 class=\"wp-block-heading\">Consent mode<\/h2>\n\n\n\n<p>If you are using consent mode v2, the template will read the consent status itself.<\/p>\n\n\n\n<p>If you are not using consent mode v2, you need to uncheck the &#8220;Using Consent Mode v2&#8221; box and pass the consent status manually.<\/p>\n\n\n\n<figure class=\"wp-block-image size-full\"><img decoding=\"async\" width=\"502\" height=\"187\" data-src=\"https:\/\/www.sabatka.net\/wp-content\/uploads\/2025\/12\/seznam-sem-consents.png\" alt=\"\" class=\"wp-image-716 lazyload\" data-srcset=\"https:\/\/www.sabatka.net\/wp-content\/uploads\/2025\/12\/seznam-sem-consents.png 502w, https:\/\/www.sabatka.net\/wp-content\/uploads\/2025\/12\/seznam-sem-consents-300x112.png 300w\" data-sizes=\"(max-width: 502px) 100vw, 502px\" src=\"data:image\/svg+xml;base64,PHN2ZyB3aWR0aD0iMSIgaGVpZ2h0PSIxIiB4bWxucz0iaHR0cDovL3d3dy53My5vcmcvMjAwMC9zdmciPjwvc3ZnPg==\" style=\"--smush-placeholder-width: 502px; --smush-placeholder-aspect-ratio: 502\/187;\" \/><\/figure>\n\n\n\n<p>For the Consent Statuses object, enter an object in the form<\/p>\n\n\n\n<pre class=\"wp-block-code\"><code>{\n  ad_storage: 'granted',\n  ad_personalization: 'granted',\n  ad_user_data: 'granted',\n  analytics_storage: 'granted',\n  functionality_storage: 'granted'\n}<\/code><\/pre>\n\n\n\n<p>Possible consent statuses are <code>granted<\/code>, <code>1<\/code>, <code>true<\/code> (allowed) or <code>denied<\/code>, <code>0<\/code>, <code>false<\/code> (denied).<\/p>\n\n\n\n<div style=\"height:50px\" aria-hidden=\"true\" class=\"wp-block-spacer\"><\/div>\n\n\n\n<h2 class=\"wp-block-heading\">Recommended settings for specific pages<\/h2>\n\n\n\n<p>Depending on the type of website, we recommend the following settings:<\/p>\n\n\n\n<ul class=\"wp-block-list\">\n<li><strong>Product categories<\/strong><br>Send PageView and ViewContent events.<br>In the ViewContent event, select\n<ul class=\"wp-block-list\">\n<li>Content Type = product_group<\/li>\n\n\n\n<li>Products &#8211; products displayed on the page (you send them to GA4 as impressions)<\/li>\n<\/ul>\n<\/li>\n\n\n\n<li><strong>Product details<\/strong><br>Send PageView and ViewContent events.<br>In the ViewContent event, select\n<ul class=\"wp-block-list\">\n<li>Content Type = product<\/li>\n\n\n\n<li>Products &#8211; field with one element (displayed product)<\/li>\n<\/ul>\n<\/li>\n\n\n\n<li><strong>Search<\/strong><br>Send PageView and Search events.<br>In the Search event, configure\n<ul class=\"wp-block-list\">\n<li>Products &#8211; products displayed on the page (you send them to GA4 as impressions)<\/li>\n<\/ul>\n<\/li>\n\n\n\n<li><strong>First step of checkout<\/strong><br>Send PageView and InitiateCheckout events.<br>In the InitiateCheckout event, set\n<ul class=\"wp-block-list\">\n<li>Products &#8211; field with products in the cart<\/li>\n<\/ul>\n<\/li>\n\n\n\n<li><strong>Completing the order<\/strong><br>Send PageView and Purchase events.<br>In the Purchase event, select\n<ul class=\"wp-block-list\">\n<li>Order &#8211; order data<\/li>\n\n\n\n<li>Products &#8211; field with products in the cart<\/li>\n<\/ul>\n<\/li>\n\n\n\n<li><strong>Blog article or content page<\/strong><br>Send PageView and ViewContent events.<br>In the ViewContent event, set\n<ul class=\"wp-block-list\">\n<li>Content Type = page<\/li>\n\n\n\n<li>Enter Content Name<\/li>\n<\/ul>\n<\/li>\n<\/ul>\n\n\n\n<div style=\"height:50px\" aria-hidden=\"true\" class=\"wp-block-spacer\"><\/div>\n\n\n\n<h2 class=\"wp-block-heading\">CSP<\/h2>\n\n\n\n<p>If your website uses CSP (<a href=\"https:\/\/developer.mozilla.org\/en-US\/docs\/Web\/HTTP\/Guides\/CSP\" data-type=\"link\" data-id=\"https:\/\/developer.mozilla.org\/en-US\/docs\/Web\/HTTP\/Guides\/CSP\" target=\"_blank\" rel=\"noopener\">consent security policy<\/a>) headers, you must enable:<\/p>\n\n\n\n<ul class=\"wp-block-list\">\n<li><code>script-src l.seznam.cz<\/code><br>Note: This directive can be omitted if you are using <code>nonce<\/code> for GTM verification.<\/li>\n\n\n\n<li><code>connect-src https:\/\/*.seznam.cz<\/code><br>Note: The script connects to the domains <code>https:\/\/l.seznam.cz<\/code> and <code>https:\/\/sem.seznam.cz<\/code><\/li>\n<\/ul>\n\n\n\n<p>Note: If you have no idea what CSPs are, try setting up the measurement and see if it works or not. If it does, you don&#8217;t need to worry about this \ud83d\ude00<\/p>\n\n\n\n<p>If the measurement is not working, check whether there is an error in the browser console saying &#8220;Refused because Consent Security Policy.&#8221; If there is, this needs to be resolved.<\/p>\n\n\n\n<figure class=\"wp-block-image size-large\"><img decoding=\"async\" width=\"1024\" height=\"71\" data-src=\"https:\/\/www.sabatka.net\/wp-content\/uploads\/2025\/12\/sem-csp-errors-1024x71.png\" alt=\"\" class=\"wp-image-711 lazyload\" data-srcset=\"https:\/\/www.sabatka.net\/wp-content\/uploads\/2025\/12\/sem-csp-errors-1024x71.png 1024w, https:\/\/www.sabatka.net\/wp-content\/uploads\/2025\/12\/sem-csp-errors-300x21.png 300w, https:\/\/www.sabatka.net\/wp-content\/uploads\/2025\/12\/sem-csp-errors-768x53.png 768w, https:\/\/www.sabatka.net\/wp-content\/uploads\/2025\/12\/sem-csp-errors.png 1473w\" data-sizes=\"(max-width: 1024px) 100vw, 1024px\" src=\"data:image\/svg+xml;base64,PHN2ZyB3aWR0aD0iMSIgaGVpZ2h0PSIxIiB4bWxucz0iaHR0cDovL3d3dy53My5vcmcvMjAwMC9zdmciPjwvc3ZnPg==\" style=\"--smush-placeholder-width: 1024px; --smush-placeholder-aspect-ratio: 1024\/71;\" \/><\/figure>\n\n\n\n<p><\/p>\n\n\n\n<h2 class=\"wp-block-heading\">Other<a href=\"https:\/\/github.com\/pavelsabatka\/gtm-heureka#ostatn%C3%AD\" target=\"_blank\" rel=\"noopener\"><\/a><\/h2>\n\n\n\n<h3 class=\"wp-block-heading\">Disclaimers<a href=\"https:\/\/github.com\/pavelsabatka\/gtm-heureka#z%C5%99eknut%C3%AD-se-zodpov%C4%9Bdnosti\" target=\"_blank\" rel=\"noopener\"><\/a><\/h3>\n\n\n\n<p>I develop the template in my spare time to save you time and work. I am not responsible for its use or any damage caused by its use. The template downloads scripts from a third party (Seznam.cz), according to the documentation published by Seznam.cz. I am not responsible for any shortcomings in terms of GDPR.<\/p>\n\n\n\n<div style=\"height:50px\" aria-hidden=\"true\" class=\"wp-block-spacer\"><\/div>\n\n\n\n<h3 class=\"wp-block-heading\">Consultation<a href=\"https:\/\/github.com\/pavelsabatka\/gtm-heureka#konzultace\" target=\"_blank\" rel=\"noopener\"><\/a><\/h3>\n\n\n\n<p>If you have problems with deploying the template, you can&nbsp;<a href=\"https:\/\/www.sabatka.net\/kontakt\">contact me<\/a>&nbsp;for a paid consultation.<\/p>\n\n\n\n<div style=\"height:50px\" aria-hidden=\"true\" class=\"wp-block-spacer\"><\/div>\n\n\n\n<div class=\"wp-block-buttons is-layout-flex wp-block-buttons-is-layout-flex\">\n<div class=\"wp-block-button scroll_to_subscribe\"><a class=\"wp-block-button__link wp-element-button\" href=\"https:\/\/www.sabatka.net\/en\/kontakt\/\">Contact me<\/a><\/div>\n\n\n\n<div class=\"wp-block-button linkedinShare\"><a class=\"wp-block-button__link wp-element-button\">Share on LinkedIN<\/a><\/div>\n<\/div>\n\n\n\n<div style=\"height:50px\" aria-hidden=\"true\" class=\"wp-block-spacer\"><\/div>\n\n\n\n<script>\nwindow.dataLayer = window.dataLayer || [];\nwindow.dataLayer.push({\n  'page': {\n    '_class': 'gtm_templates.detail'\n  }\n});\n<\/script>\n","protected":false},"excerpt":{"rendered":"<p>About the template The template handles Seznam SEM measurements. Seznam SEM is not compatible with Sklik measurements prior to 2026. To use SEM, you must first migrate your Sklik account to SEM. Only then can you generate an SEM ID in the administration. Official SEM documentation Settings Mandatory data Where to get a Seznam ID [&hellip;]<\/p>\n","protected":false},"author":1,"featured_media":0,"parent":0,"menu_order":0,"comment_status":"closed","ping_status":"closed","template":"","meta":{"footnotes":""},"class_list":["post-595","page","type-page","status-publish","hentry"],"_links":{"self":[{"href":"https:\/\/www.sabatka.net\/en\/wp-json\/wp\/v2\/pages\/595","targetHints":{"allow":["GET"]}}],"collection":[{"href":"https:\/\/www.sabatka.net\/en\/wp-json\/wp\/v2\/pages"}],"about":[{"href":"https:\/\/www.sabatka.net\/en\/wp-json\/wp\/v2\/types\/page"}],"author":[{"embeddable":true,"href":"https:\/\/www.sabatka.net\/en\/wp-json\/wp\/v2\/users\/1"}],"replies":[{"embeddable":true,"href":"https:\/\/www.sabatka.net\/en\/wp-json\/wp\/v2\/comments?post=595"}],"version-history":[{"count":49,"href":"https:\/\/www.sabatka.net\/en\/wp-json\/wp\/v2\/pages\/595\/revisions"}],"predecessor-version":[{"id":958,"href":"https:\/\/www.sabatka.net\/en\/wp-json\/wp\/v2\/pages\/595\/revisions\/958"}],"wp:attachment":[{"href":"https:\/\/www.sabatka.net\/en\/wp-json\/wp\/v2\/media?parent=595"}],"curies":[{"name":"wp","href":"https:\/\/api.w.org\/{rel}","templated":true}]}}